{"id":4584,"date":"2020-12-04T13:57:20","date_gmt":"2020-12-04T12:57:20","guid":{"rendered":"https:\/\/liziba.cg\/?page_id=4584"},"modified":"2023-05-02T15:18:48","modified_gmt":"2023-05-02T14:18:48","slug":"dossiers-des-departements-pointe-noire","status":"publish","type":"page","link":"https:\/\/liziba.cg\/en\/dossiers-des-departements-pointe-noire\/","title":{"rendered":"Department Files (Pointe-Noire)"},"content":{"rendered":"<div data-elementor-type=\"wp-page\" data-elementor-id=\"4584\" class=\"elementor elementor-4584\" data-elementor-post-type=\"page\">\n\t\t\t\t\t\t<section class=\"elementor-section elementor-top-section elementor-element elementor-element-602e2f9 elementor-section-full_width elementor-section-height-default elementor-section-height-default\" data-id=\"602e2f9\" data-element_type=\"section\" data-e-type=\"section\">\n\t\t\t\t\t\t<div class=\"elementor-container elementor-column-gap-default\">\n\t\t\t\t\t<div class=\"elementor-column elementor-col-100 elementor-top-column elementor-element elementor-element-936b3ae\" data-id=\"936b3ae\" data-element_type=\"column\" data-e-type=\"column\">\n\t\t\t<div class=\"elementor-widget-wrap elementor-element-populated\">\n\t\t\t\t\t\t<div class=\"elementor-element elementor-element-06449a3 elementor-cta--skin-cover elementor-animated-content elementor-bg-transform elementor-bg-transform-zoom-in elementor-widget elementor-widget-call-to-action\" data-id=\"06449a3\" data-element_type=\"widget\" data-e-type=\"widget\" data-widget_type=\"call-to-action.default\">\n\t\t\t\t<div class=\"elementor-widget-container\">\n\t\t\t\t\t\t\t<div class=\"elementor-cta\">\n\t\t\t\t\t<div class=\"elementor-cta__bg-wrapper\">\n\t\t\t\t<div class=\"elementor-cta__bg elementor-bg\" style=\"background-image: url(https:\/\/liziba.cg\/wp-content\/uploads\/2022\/05\/PN2-871x1024.jpg);\" role=\"img\" aria-label=\"PN2\"><\/div>\n\t\t\t\t<div class=\"elementor-cta__bg-overlay\"><\/div>\n\t\t\t<\/div>\n\t\t\t\t\t\t\t\t<\/div>\n\t\t\t\t\t\t<\/div>\n\t\t\t\t<\/div>\n\t\t\t\t\t<\/div>\n\t\t<\/div>\n\t\t\t\t\t<\/div>\n\t\t<\/section>\n\t\t\t\t<section class=\"elementor-section elementor-top-section elementor-element elementor-element-58e1ab5 elementor-section-boxed elementor-section-height-default elementor-section-height-default\" data-id=\"58e1ab5\" data-element_type=\"section\" data-e-type=\"section\">\n\t\t\t\t\t\t<div class=\"elementor-container elementor-column-gap-default\">\n\t\t\t\t\t<div class=\"elementor-column elementor-col-100 elementor-top-column elementor-element elementor-element-b4d2088\" data-id=\"b4d2088\" data-element_type=\"column\" data-e-type=\"column\">\n\t\t\t<div class=\"elementor-widget-wrap elementor-element-populated\">\n\t\t\t\t\t\t<div class=\"elementor-element elementor-element-38bcaa6 elementor-widget elementor-widget-heading\" data-id=\"38bcaa6\" data-element_type=\"widget\" data-e-type=\"widget\" data-widget_type=\"heading.default\">\n\t\t\t\t<div class=\"elementor-widget-container\">\n\t\t\t\t\t<h2 class=\"elementor-heading-title elementor-size-default\">DEPARTMENT OF POINTE-NOIRE<\/h2>\t\t\t\t<\/div>\n\t\t\t\t<\/div>\n\t\t\t\t<div class=\"elementor-element elementor-element-851cf3d elementor-widget elementor-widget-heading\" data-id=\"851cf3d\" data-element_type=\"widget\" data-e-type=\"widget\" data-widget_type=\"heading.default\">\n\t\t\t\t<div class=\"elementor-widget-container\">\n\t\t\t\t\t<h5 class=\"elementor-heading-title elementor-size-default\">PROFILES<\/h5>\t\t\t\t<\/div>\n\t\t\t\t<\/div>\n\t\t\t\t\t<\/div>\n\t\t<\/div>\n\t\t\t\t\t<\/div>\n\t\t<\/section>\n\t\t\t\t<section class=\"elementor-section elementor-top-section elementor-element elementor-element-1c9d07e elementor-section-boxed elementor-section-height-default elementor-section-height-default\" data-id=\"1c9d07e\" data-element_type=\"section\" data-e-type=\"section\">\n\t\t\t\t\t\t<div class=\"elementor-container elementor-column-gap-default\">\n\t\t\t\t\t<div class=\"elementor-column elementor-col-100 elementor-top-column elementor-element elementor-element-d118c8b\" data-id=\"d118c8b\" data-element_type=\"column\" data-e-type=\"column\">\n\t\t\t<div class=\"elementor-widget-wrap elementor-element-populated\">\n\t\t\t\t\t\t<div class=\"elementor-element elementor-element-f1367d1 elementor-widget elementor-widget-heading\" data-id=\"f1367d1\" data-element_type=\"widget\" data-e-type=\"widget\" data-widget_type=\"heading.default\">\n\t\t\t\t<div class=\"elementor-widget-container\">\n\t\t\t\t\t<p class=\"elementor-heading-title elementor-size-default\">Energy <\/p>\t\t\t\t<\/div>\n\t\t\t\t<\/div>\n\t\t\t\t<div class=\"elementor-element elementor-element-988f5aa elementor-widget elementor-widget-text-editor\" data-id=\"988f5aa\" data-element_type=\"widget\" data-e-type=\"widget\" data-widget_type=\"text-editor.default\">\n\t\t\t\t<div class=\"elementor-widget-container\">\n\t\t\t\t\t\t\t\t\t<ul><li><b>Biomass :<\/b><\/li><\/ul><p>\u00a0 \u00a0 \u00a0 \u00a0 \u00a0 \u00a0Use of wood: Wood as a source of energy is used by 48.5% of the households of the population of the department:<\/p><ul><li style=\"list-style-type: none;\"><ul><li>Firewood, 2021 estimate: 67,897 tonnes;<\/li><li>Charcoal, 2021 estimate: 50,275 tonnes;<\/li><\/ul><\/li><li><b>Electricity production :\u00a0<\/b><ul><li>Dj\u00e9no gas plant;<\/li><li>Congo Power Plant (C\u00f4te Mat\u00e8ve);\u00a0<\/li><\/ul><\/li><li><b>Oil<\/b><\/li><li><b>Natural gas<\/b><\/li><\/ul>\t\t\t\t\t\t\t\t<\/div>\n\t\t\t\t<\/div>\n\t\t\t\t<div class=\"elementor-element elementor-element-819b953 elementor-widget elementor-widget-heading\" data-id=\"819b953\" data-element_type=\"widget\" data-e-type=\"widget\" data-widget_type=\"heading.default\">\n\t\t\t\t<div class=\"elementor-widget-container\">\n\t\t\t\t\t<p class=\"elementor-heading-title elementor-size-default\">Communication<\/p>\t\t\t\t<\/div>\n\t\t\t\t<\/div>\n\t\t\t\t<div class=\"elementor-element elementor-element-5a6b24b elementor-widget elementor-widget-text-editor\" data-id=\"5a6b24b\" data-element_type=\"widget\" data-e-type=\"widget\" data-widget_type=\"text-editor.default\">\n\t\t\t\t<div class=\"elementor-widget-container\">\n\t\t\t\t\t\t\t\t\t<ul><li><strong>Access to mobile networks :<\/strong> 4G Airtel and MTN<\/li><li><strong>Presence of optical fiber :<\/strong> NGN SWITCH;<\/li><\/ul>\t\t\t\t\t\t\t\t<\/div>\n\t\t\t\t<\/div>\n\t\t\t\t<div class=\"elementor-element elementor-element-893590a elementor-widget elementor-widget-heading\" data-id=\"893590a\" data-element_type=\"widget\" data-e-type=\"widget\" data-widget_type=\"heading.default\">\n\t\t\t\t<div class=\"elementor-widget-container\">\n\t\t\t\t\t<p class=\"elementor-heading-title elementor-size-default\">Hydrography <\/p>\t\t\t\t<\/div>\n\t\t\t\t<\/div>\n\t\t\t\t<div class=\"elementor-element elementor-element-907d384 elementor-widget elementor-widget-text-editor\" data-id=\"907d384\" data-element_type=\"widget\" data-e-type=\"widget\" data-widget_type=\"text-editor.default\">\n\t\t\t\t<div class=\"elementor-widget-container\">\n\t\t\t\t\t\t\t\t\t<p>The Department of Pointe-Noire has:<\/p><ul><li>D\u2019une fa\u00e7ade maritime ;<\/li><li>Des marigots et les lacs en bordure de mer :<ul><li>The loueme;<\/li><li>Nanga ;<\/li><li>Cayo .<\/li><\/ul><\/li><\/ul>\t\t\t\t\t\t\t\t<\/div>\n\t\t\t\t<\/div>\n\t\t\t\t<div class=\"elementor-element elementor-element-134837e elementor-widget elementor-widget-heading\" data-id=\"134837e\" data-element_type=\"widget\" data-e-type=\"widget\" data-widget_type=\"heading.default\">\n\t\t\t\t<div class=\"elementor-widget-container\">\n\t\t\t\t\t<p class=\"elementor-heading-title elementor-size-default\">Agriculture<\/p>\t\t\t\t<\/div>\n\t\t\t\t<\/div>\n\t\t\t\t<div class=\"elementor-element elementor-element-e3dd2ac elementor-widget elementor-widget-text-editor\" data-id=\"e3dd2ac\" data-element_type=\"widget\" data-e-type=\"widget\" data-widget_type=\"text-editor.default\">\n\t\t\t\t<div class=\"elementor-widget-container\">\n\t\t\t\t\t\t\t\t\t<p>L&#8217;activit\u00e9 agricole se d\u00e9roule \u00e0 la p\u00e9riph\u00e9rie de Pointe-Noire et dans le district de Tchiamba-Nzassi.<\/p><p>Les principales sp\u00e9culations cultiv\u00e9es sont :<\/p><p>-Maraichage dans la p\u00e9riph\u00e9rie de Pointe-Noire<\/p><p>-Manioc, banane plantain dans le district de Tchiamba-Nzassi;<\/p><p>-Arbres fruitiers \u00e0 la p\u00e9riph\u00e9rie de Pointe-Noire et dans le district de Tchiamba-Nzassi.<\/p>\t\t\t\t\t\t\t\t<\/div>\n\t\t\t\t<\/div>\n\t\t\t\t<div class=\"elementor-element elementor-element-7ddd031 elementor-widget elementor-widget-heading\" data-id=\"7ddd031\" data-element_type=\"widget\" data-e-type=\"widget\" data-widget_type=\"heading.default\">\n\t\t\t\t<div class=\"elementor-widget-container\">\n\t\t\t\t\t<p class=\"elementor-heading-title elementor-size-default\">\u00c9levage <\/p>\t\t\t\t<\/div>\n\t\t\t\t<\/div>\n\t\t\t\t<div class=\"elementor-element elementor-element-1016351 elementor-widget elementor-widget-text-editor\" data-id=\"1016351\" data-element_type=\"widget\" data-e-type=\"widget\" data-widget_type=\"text-editor.default\">\n\t\t\t\t<div class=\"elementor-widget-container\">\n\t\t\t\t\t\t\t\t\t<p>Principale esp\u00e8ce:<\/p><ul><li style=\"list-style-type: none;\"><ul><li>Cattle;<\/li><li>Pigs;<\/li><li>Sheep;<\/li><li>Goats;<\/li><li>Volailles.<\/li><\/ul><\/li><\/ul><p>Il n&#8217;existe pas de gros \u00e9levage dans le d\u00e9partement.<\/p>\t\t\t\t\t\t\t\t<\/div>\n\t\t\t\t<\/div>\n\t\t\t\t<div class=\"elementor-element elementor-element-b3b2ea1 elementor-widget elementor-widget-heading\" data-id=\"b3b2ea1\" data-element_type=\"widget\" data-e-type=\"widget\" data-widget_type=\"heading.default\">\n\t\t\t\t<div class=\"elementor-widget-container\">\n\t\t\t\t\t<p class=\"elementor-heading-title elementor-size-default\">P\u00eache<\/p>\t\t\t\t<\/div>\n\t\t\t\t<\/div>\n\t\t\t\t<div class=\"elementor-element elementor-element-1c27fb7 elementor-widget elementor-widget-text-editor\" data-id=\"1c27fb7\" data-element_type=\"widget\" data-e-type=\"widget\" data-widget_type=\"text-editor.default\">\n\t\t\t\t<div class=\"elementor-widget-container\">\n\t\t\t\t\t\t\t\t\t<p>Il existe dans le d\u00e9partement de Pointe-Noire deux zones de p\u00eache:\u00a0<\/p><ul><li>Une zone constitu\u00e9e des eaux sal\u00e9es et saum\u00e2tres des lagunes et des rivi\u00e8res jusqu&#8217;\u00e0 une distance de six milles marins, \u00e0 partir de la c\u00f4te. Elle est r\u00e9serv\u00e9e \u00e0 la p\u00eache artisanale et l&#8217;aquaculture;<\/li><li>Une zone constitu\u00e9e des eaux maritimes comprises entre six milles et deux cent milles marins. Elle est le domaine des navires de p\u00eache industrielle.\u00a0<\/li><\/ul><p><strong>P\u00eache maritime industrielle : <\/strong>Exploitation assur\u00e9e par des entreprises de p\u00eache qui utilisent des navires de p\u00eache (sardinier glacier et sardinier cong\u00e9lateur, chalutier crevettier, chalutier glacier, chalutier cong\u00e9lateur). L&#8217;exercice de la p\u00eache maritime industrielle est assujetti \u00e0 l&#8217;obtention d&#8217;un quota de prises octroy\u00e9 par l&#8217;autorit\u00e9 de la p\u00eache maritime.<\/p><p><strong>P\u00eache maritime artisanale :<\/strong> Pratiqu\u00e9e \u00e0 bord d&#8217;embarcation de petite \u00e9chelle motoris\u00e9e ou non.<\/p><p><strong>P\u00eache continentale :\u00a0<\/strong>Pratiqu\u00e9e dans les lacs, les lagunes, les marigots, les rivi\u00e8res, les ruisseaux, les \u00e9tangs et les zones d&#8217;inondations (autoris\u00e9e par la Loi Num\u00e9ro 3-2010 du 14 juin 2010).<\/p><p><strong>Pisciculture :\u00a0\u00a0<\/strong>Il s&#8217;agit principalement de la pisciculture priv\u00e9e pratiqu\u00e9e par les op\u00e9rateurs \u00e9conomiques. La production du secteur est relativement faible. Quelques exploitants soutenus par le PDAC.\u00a0<\/p>\t\t\t\t\t\t\t\t<\/div>\n\t\t\t\t<\/div>\n\t\t\t\t<div class=\"elementor-element elementor-element-d41d724 elementor-widget elementor-widget-heading\" data-id=\"d41d724\" data-element_type=\"widget\" data-e-type=\"widget\" data-widget_type=\"heading.default\">\n\t\t\t\t<div class=\"elementor-widget-container\">\n\t\t\t\t\t<p class=\"elementor-heading-title elementor-size-default\">Industry <\/p>\t\t\t\t<\/div>\n\t\t\t\t<\/div>\n\t\t\t\t<div class=\"elementor-element elementor-element-e1e9a75 elementor-widget elementor-widget-text-editor\" data-id=\"e1e9a75\" data-element_type=\"widget\" data-e-type=\"widget\" data-widget_type=\"text-editor.default\">\n\t\t\t\t<div class=\"elementor-widget-container\">\n\t\t\t\t\t\t\t\t\t<p>Pointe-Noire is home to a varied industrial fabric:\u00a0<\/p><ul><li>P\u00e9trole : secteur en pleine essor ; Importante possibilit\u00e9 d&#8217;investissement dans les activit\u00e9s de la sous-traitance; Importante possibilit\u00e9 d&#8217;exploitation de gaz.<\/li><li>Agro-alimentaire : transformation des ressources agricoles, de l&#8217;\u00e9levage et de la p\u00eache ;<\/li><li>Industrie du bois: Plusieurs soci\u00e9t\u00e9s de transformation du bois sont install\u00e9es \u00e0 Pointe-Noire, ce sont essentiellement des industries de bois de 1\u00e8re transformation (tranchage, d\u00e9roulage, scierie), de 2\u00e8me et 3\u00e8me transformation du bois des for\u00eats du Kouilou et du d\u00e9partement du Niari.<\/li><li>Fish processing;<\/li><li>Shipbuilding;<\/li><li>Brasseries et eaux min\u00e9rales : La fili\u00e8re brassicole, boissons gazeuses et eaux min\u00e9rales, utilise des mati\u00e8res premi\u00e8res locales et import\u00e9es. La faiblesse et l&#8217;irr\u00e9gularit\u00e9 de la production agricole(Fruits) limitent jusque-l\u00e0 les possibilit\u00e9s de croissance du secteur des jus de fruits (boissons gazeuses et eaux min\u00e9rales) ;\u00a0<\/li><li>Autres industries : transformation des polym\u00e9taux, industrie chimique, menuiserie industrielle ;\u00a0<\/li><li>Electricity production;<\/li><li>sea fishing;<\/li><\/ul><p>To these major branches of industry gravitate the craft industries of transformation of agricultural and livestock products.<\/p><p>The existence of the Autonomous Port of Pointe-Noire has developed a range of services related to transport and logistics.<\/p>\t\t\t\t\t\t\t\t<\/div>\n\t\t\t\t<\/div>\n\t\t\t\t<div class=\"elementor-element elementor-element-8703902 elementor-widget elementor-widget-heading\" data-id=\"8703902\" data-element_type=\"widget\" data-e-type=\"widget\" data-widget_type=\"heading.default\">\n\t\t\t\t<div class=\"elementor-widget-container\">\n\t\t\t\t\t<p class=\"elementor-heading-title elementor-size-default\">Transport<\/p>\t\t\t\t<\/div>\n\t\t\t\t<\/div>\n\t\t\t\t<div class=\"elementor-element elementor-element-9460630 elementor-widget elementor-widget-text-editor\" data-id=\"9460630\" data-element_type=\"widget\" data-e-type=\"widget\" data-widget_type=\"text-editor.default\">\n\t\t\t\t<div class=\"elementor-widget-container\">\n\t\t\t\t\t\t\t\t\t<p>The department is served by four modes of transportation :\u00a0<\/p><ul><li><strong>Ground transportation:<\/strong><ul><li>RN1 : Pointe-Noire \u2013 Brazzaville ;<\/li><li>RN4: Pointe-Noire \u2013 Nzassi \u2013 Cabinda border<\/li><li>RN4 : Pointe-Noire \u2013 Madingo Kayes\u00a0<\/li><\/ul><\/li><\/ul><ul><li><strong>2. Sea transport<\/strong> the presence of a deep-water port and the seafront give the country an international opening\u00a0<\/li><li><strong>Rail transport  :<\/strong> The railway connects Brazzaville to Pointe-Noire;<\/li><li><strong>Air transportation<\/strong> The international airport provides the air link between Pointe-Noire and the other departments as well as the outside.\u00a0<\/li><\/ul>\t\t\t\t\t\t\t\t<\/div>\n\t\t\t\t<\/div>\n\t\t\t\t<div class=\"elementor-element elementor-element-f8cfb08 elementor-widget elementor-widget-heading\" data-id=\"f8cfb08\" data-element_type=\"widget\" data-e-type=\"widget\" data-widget_type=\"heading.default\">\n\t\t\t\t<div class=\"elementor-widget-container\">\n\t\t\t\t\t<p class=\"elementor-heading-title elementor-size-default\">Mining<\/p>\t\t\t\t<\/div>\n\t\t\t\t<\/div>\n\t\t\t\t<div class=\"elementor-element elementor-element-d903566 elementor-widget elementor-widget-text-editor\" data-id=\"d903566\" data-element_type=\"widget\" data-e-type=\"widget\" data-widget_type=\"text-editor.default\">\n\t\t\t\t<div class=\"elementor-widget-container\">\n\t\t\t\t\t\t\t\t\t<ul><li>No solid minerals in the subsoil;\u00a0<\/li><li>Deep sea liquid ore;<\/li><\/ul>\t\t\t\t\t\t\t\t<\/div>\n\t\t\t\t<\/div>\n\t\t\t\t<div class=\"elementor-element elementor-element-fb7479b elementor-widget elementor-widget-heading\" data-id=\"fb7479b\" data-element_type=\"widget\" data-e-type=\"widget\" data-widget_type=\"heading.default\">\n\t\t\t\t<div class=\"elementor-widget-container\">\n\t\t\t\t\t<p class=\"elementor-heading-title elementor-size-default\">Tourism<\/p>\t\t\t\t<\/div>\n\t\t\t\t<\/div>\n\t\t\t\t<div class=\"elementor-element elementor-element-8344494 elementor-widget elementor-widget-text-editor\" data-id=\"8344494\" data-element_type=\"widget\" data-e-type=\"widget\" data-widget_type=\"text-editor.default\">\n\t\t\t\t<div class=\"elementor-widget-container\">\n\t\t\t\t\t\t\t\t\t<p>Tourism in Pointe-Noire is more linked to the sea:\u00a0<\/p><ul><li>The wild coast: for the sun, the walk and the surf;<\/li><li>Canoe or speedboat rides at sea;<\/li><li>Des plages de sables fin,\u00a0 Wassa, pr\u00e8s de Dj\u00e9no, pour le ski nautique et la voile;<\/li><li>Route des esclaves<\/li><li>H\u00f4tels et restaurants de diff\u00e9rent standing dans tous les arrondissements. Concentration d&#8217;h\u00f4tels 4 et 5 \u00e9toiles au centre ville<\/li><\/ul>\t\t\t\t\t\t\t\t<\/div>\n\t\t\t\t<\/div>\n\t\t\t\t<div class=\"elementor-element elementor-element-7d6e0e0 elementor-widget elementor-widget-heading\" data-id=\"7d6e0e0\" data-element_type=\"widget\" data-e-type=\"widget\" data-widget_type=\"heading.default\">\n\t\t\t\t<div class=\"elementor-widget-container\">\n\t\t\t\t\t<p class=\"elementor-heading-title elementor-size-default\">Biodiversity and forests <\/p>\t\t\t\t<\/div>\n\t\t\t\t<\/div>\n\t\t\t\t<div class=\"elementor-element elementor-element-c61a9c7 elementor-widget elementor-widget-text-editor\" data-id=\"c61a9c7\" data-element_type=\"widget\" data-e-type=\"widget\" data-widget_type=\"text-editor.default\">\n\t\t\t\t<div class=\"elementor-widget-container\">\n\t\t\t\t\t\t\t\t\t<ul><li>Coastal basin, low plateaus and hills;<\/li><li>Esp\u00e8ces marimes le long du littoral<\/li><\/ul>\t\t\t\t\t\t\t\t<\/div>\n\t\t\t\t<\/div>\n\t\t\t\t\t<\/div>\n\t\t<\/div>\n\t\t\t\t\t<\/div>\n\t\t<\/section>\n\t\t\t\t<section class=\"elementor-section elementor-top-section elementor-element elementor-element-9b8205d elementor-section-boxed elementor-section-height-default elementor-section-height-default\" data-id=\"9b8205d\" data-element_type=\"section\" data-e-type=\"section\">\n\t\t\t\t\t\t<div class=\"elementor-container elementor-column-gap-default\">\n\t\t\t\t\t<div class=\"elementor-column elementor-col-100 elementor-top-column elementor-element elementor-element-a6e1720\" data-id=\"a6e1720\" data-element_type=\"column\" data-e-type=\"column\">\n\t\t\t<div class=\"elementor-widget-wrap elementor-element-populated\">\n\t\t\t\t\t\t<div class=\"elementor-element elementor-element-0fc2bec elementor-widget elementor-widget-heading\" data-id=\"0fc2bec\" data-element_type=\"widget\" data-e-type=\"widget\" data-widget_type=\"heading.default\">\n\t\t\t\t<div class=\"elementor-widget-container\">\n\t\t\t\t\t<p class=\"elementor-heading-title elementor-size-default\">Commerce<\/p>\t\t\t\t<\/div>\n\t\t\t\t<\/div>\n\t\t\t\t<div class=\"elementor-element elementor-element-c5510df elementor-widget elementor-widget-text-editor\" data-id=\"c5510df\" data-element_type=\"widget\" data-e-type=\"widget\" data-widget_type=\"text-editor.default\">\n\t\t\t\t<div class=\"elementor-widget-container\">\n\t\t\t\t\t\t\t\t\t<p>Commerce de gros, demi-gros et de d\u00e9tail tr\u00e8s d\u00e9velopp\u00e9. Le secteur a un fort potentiel compte tenu de la forte demande.<\/p>\t\t\t\t\t\t\t\t<\/div>\n\t\t\t\t<\/div>\n\t\t\t\t\t<\/div>\n\t\t<\/div>\n\t\t\t\t\t<\/div>\n\t\t<\/section>\n\t\t\t\t<\/div>","protected":false},"excerpt":{"rendered":"<p>DEPARTEMENT DE POINTE-NOIRE &lt;h5&gt;PROFILS&lt;\/h5&gt; Energie &lt;\/p&gt; &lt;ul&gt;&lt;li&gt;&lt;b&gt;Biomasse\u00a0:&lt;\/b&gt;&lt;\/li&gt;&lt;\/ul&gt;&lt;p&gt;\u00a0 \u00a0 \u00a0 \u00a0 \u00a0 \u00a0Utilisation du bois : Le bois comme source d\u2019\u00e9nergie est utilis\u00e9 par 48,5% des\u00a0 m\u00e9nages de la population du [&hellip;]<\/p>\n","protected":false},"author":1659,"featured_media":0,"parent":0,"menu_order":0,"comment_status":"closed","ping_status":"closed","template":"elementor_header_footer","meta":{"_acf_changed":false,"footnotes":""},"class_list":["post-4584","page","type-page","status-publish","hentry"],"acf":[],"_links":{"self":[{"href":"https:\/\/liziba.cg\/en\/wp-json\/wp\/v2\/pages\/4584","targetHints":{"allow":["GET"]}}],"collection":[{"href":"https:\/\/liziba.cg\/en\/wp-json\/wp\/v2\/pages"}],"about":[{"href":"https:\/\/liziba.cg\/en\/wp-json\/wp\/v2\/types\/page"}],"author":[{"embeddable":true,"href":"https:\/\/liziba.cg\/en\/wp-json\/wp\/v2\/users\/1659"}],"replies":[{"embeddable":true,"href":"https:\/\/liziba.cg\/en\/wp-json\/wp\/v2\/comments?post=4584"}],"version-history":[{"count":0,"href":"https:\/\/liziba.cg\/en\/wp-json\/wp\/v2\/pages\/4584\/revisions"}],"wp:attachment":[{"href":"https:\/\/liziba.cg\/en\/wp-json\/wp\/v2\/media?parent=4584"}],"curies":[{"name":"wp","href":"https:\/\/api.w.org\/{rel}","templated":true}]}}