{"id":40368,"date":"2021-06-14T12:21:21","date_gmt":"2021-06-14T11:21:21","guid":{"rendered":"https:\/\/liziba.cg\/?page_id=40368"},"modified":"2022-06-02T16:29:48","modified_gmt":"2022-06-02T15:29:48","slug":"procedures-dembauche","status":"publish","type":"page","link":"https:\/\/liziba.cg\/en\/procedures-dembauche\/","title":{"rendered":"Proc\u00e9dures d&#8217;embauche"},"content":{"rendered":"<div data-elementor-type=\"wp-page\" data-elementor-id=\"40368\" class=\"elementor elementor-40368\" data-elementor-post-type=\"page\">\n\t\t\t\t\t\t<section class=\"elementor-section elementor-top-section elementor-element elementor-element-e2d89ab elementor-section-boxed elementor-section-height-default elementor-section-height-default\" data-id=\"e2d89ab\" data-element_type=\"section\" data-e-type=\"section\">\n\t\t\t\t\t\t<div class=\"elementor-container elementor-column-gap-default\">\n\t\t\t\t\t<div class=\"elementor-column elementor-col-100 elementor-top-column elementor-element elementor-element-3e44ef7\" data-id=\"3e44ef7\" data-element_type=\"column\" data-e-type=\"column\">\n\t\t\t<div class=\"elementor-widget-wrap elementor-element-populated\">\n\t\t\t\t\t\t<div class=\"elementor-element elementor-element-aed400a elementor-cta--skin-cover elementor-animated-content elementor-bg-transform elementor-bg-transform-zoom-in elementor-widget elementor-widget-call-to-action\" data-id=\"aed400a\" data-element_type=\"widget\" data-e-type=\"widget\" data-widget_type=\"call-to-action.default\">\n\t\t\t\t<div class=\"elementor-widget-container\">\n\t\t\t\t\t\t\t<div class=\"elementor-cta\">\n\t\t\t\t\t<div class=\"elementor-cta__bg-wrapper\">\n\t\t\t\t<div class=\"elementor-cta__bg elementor-bg\" style=\"background-image: url(https:\/\/liziba.cg\/wp-content\/uploads\/2021\/10\/DSC02318-1024x768.jpg);\" role=\"img\" aria-label=\"DSC02318\"><\/div>\n\t\t\t\t<div class=\"elementor-cta__bg-overlay\"><\/div>\n\t\t\t<\/div>\n\t\t\t\t\t\t\t<div class=\"elementor-cta__content\">\n\t\t\t\t\n\t\t\t\t\t\t\t\t\t<h2 class=\"elementor-cta__title elementor-cta__content-item elementor-content-item elementor-animated-item--grow\">\n\t\t\t\t\t\tProc\u00e9dures d'embauche\t\t\t\t\t<\/h2>\n\t\t\t\t\n\t\t\t\t\n\t\t\t\t\t\t\t<\/div>\n\t\t\t\t\t\t<\/div>\n\t\t\t\t\t\t<\/div>\n\t\t\t\t<\/div>\n\t\t\t\t\t<\/div>\n\t\t<\/div>\n\t\t\t\t\t<\/div>\n\t\t<\/section>\n\t\t\t\t<section class=\"elementor-section elementor-top-section elementor-element elementor-element-830a2c1 elementor-section-boxed elementor-section-height-default elementor-section-height-default\" data-id=\"830a2c1\" data-element_type=\"section\" data-e-type=\"section\">\n\t\t\t\t\t\t<div class=\"elementor-container elementor-column-gap-default\">\n\t\t\t\t\t<div class=\"elementor-column elementor-col-100 elementor-top-column elementor-element elementor-element-37aeb43\" data-id=\"37aeb43\" data-element_type=\"column\" data-e-type=\"column\">\n\t\t\t<div class=\"elementor-widget-wrap elementor-element-populated\">\n\t\t\t\t\t\t<div class=\"elementor-element elementor-element-d40b973 elementor-widget elementor-widget-heading\" data-id=\"d40b973\" data-element_type=\"widget\" data-e-type=\"widget\" data-widget_type=\"heading.default\">\n\t\t\t\t<div class=\"elementor-widget-container\">\n\t\t\t\t\t<h6 class=\"elementor-heading-title elementor-size-default\">EMBAUCHER UN TRAVAILLEUR ETRANGER <\/h6>\t\t\t\t<\/div>\n\t\t\t\t<\/div>\n\t\t\t\t\t<\/div>\n\t\t<\/div>\n\t\t\t\t\t<\/div>\n\t\t<\/section>\n\t\t\t\t<section class=\"elementor-section elementor-top-section elementor-element elementor-element-043ed13 elementor-section-boxed elementor-section-height-default elementor-section-height-default\" data-id=\"043ed13\" data-element_type=\"section\" data-e-type=\"section\">\n\t\t\t\t\t\t<div class=\"elementor-container elementor-column-gap-default\">\n\t\t\t\t\t<div class=\"elementor-column elementor-col-100 elementor-top-column elementor-element elementor-element-03b2d5a\" data-id=\"03b2d5a\" data-element_type=\"column\" data-e-type=\"column\">\n\t\t\t<div class=\"elementor-widget-wrap elementor-element-populated\">\n\t\t\t\t\t\t<div class=\"elementor-element elementor-element-0a8ab05 elementor-widget elementor-widget-text-editor\" data-id=\"0a8ab05\" data-element_type=\"widget\" data-e-type=\"widget\" data-widget_type=\"text-editor.default\">\n\t\t\t\t<div class=\"elementor-widget-container\">\n\t\t\t\t\t\t\t\t\t<p>L\u2019embauche d\u2019un travailleur \u00e9tranger est subordonn\u00e9e en r\u00e9publique du Congo au visa ou \u00e0 l\u2019agr\u00e9ment du Ministre en charge du travail.<\/p><p>L\u2019employeur est tenu apr\u00e8s notification de son offre d\u2019emploi \u00e0 l\u2019ONEMO\u00a0:<\/p><ul><li>De solliciter une autorisation provisoire d\u2019emploi et une autorisation d\u2019emploi temporaire pour les \u00e9trangers embauch\u00e9s pour une dur\u00e9e sup\u00e9rieure \u00e0 six mois\u00a0;<\/li><li>Une autorisation d\u2019emploi temporaire pour les \u00e9trangers embauch\u00e9s pour une dur\u00e9e inferieure ou \u00e9gale \u00e0 cinq mois et demi.<\/li><\/ul><p>Par la suite il faut pr\u00e9senter un dossier comprenant\u00a0:<\/p><ul><li style=\"list-style-type: none;\"><ul><li>Une carte de travail d\u00fbment rempli avec photo et timbre\u00a0;<\/li><li>Une fiche de contr\u00f4le\u00a0;<\/li><li>Une fiche d\u2019analyse de poste\u00a0;<\/li><li>Une fiche de renseignements\u00a0;<\/li><li>Une copie du re\u00e7u attestant le paiement des droits de l\u2019autorisation d\u2019emploi temporaire sollicit\u00e9 et \/ou l\u2019autorisation provisoire d\u2019emploi.<\/li><\/ul><\/li><\/ul><p><strong>N.B\u00a0:<\/strong> la proc\u00e9dure d\u2019embauche d\u2019un travailleur \u00e9tranger varie selon deux cas\u00a0:<\/p><p><strong>1<sup>er<\/sup> cas\u00a0:<\/strong> les \u00e9trangers embauch\u00e9s localement des \u00e9trangers<\/p><p>M\u00eame proc\u00e9dure + casier judiciaire que le sujet expatri\u00e9 doit fournir doit \u00eatre celui qui est d\u00e9livr\u00e9 au Congo\u00a0;<\/p><p>Par contre il est exempt\u00e9 de produire un certificat de nationalit\u00e9.<\/p><p><strong>2<sup>\u00e8me<\/sup> cas\u00a0:<\/strong> les \u00e9trangers embauch\u00e9s en dehors du territoire du Congo<\/p><p>Pr\u00e9senter un dossier comprenant\u00a0:<\/p><ul><li>Quatre (4) exemplaires de contrat de travail;<\/li><li>Une copie du visa attestant le motif du voyage;<\/li><li>Une copie du dipl\u00f4me l\u00e9galis\u00e9;<\/li><li>Un casier judiciaire du pays d\u2019origine datant de moins de six (6) mois avant la date de son arriv\u00e9e;<\/li><li>Une fiche d\u2019analyse de poste d\u00fbment remplie;<\/li><li>Une fiche de renseignement;<\/li><li>Une copie du re\u00e7u attestant le paiement des droits de visa accompagnant le contrat de travail;<\/li><li>Une autorisation Provisoire d\u2019Emploi (110.000 FCFA) y joindre une fiche d\u2019analyse de poste et une fiche de renseignement + deux photos et un timbre fiscal de 1000 F;<\/li><li>Un certificat m\u00e9dical d\u00e9livr\u00e9 par un m\u00e9decin agr\u00e9e par l\u2019ONEMO;<\/li><li>Une copie du re\u00e7u attestant le paiement de la taxe patronale des trois derniers mois.<\/li><\/ul>\t\t\t\t\t\t\t\t<\/div>\n\t\t\t\t<\/div>\n\t\t\t\t\t<\/div>\n\t\t<\/div>\n\t\t\t\t\t<\/div>\n\t\t<\/section>\n\t\t\t\t<section class=\"elementor-section elementor-top-section elementor-element elementor-element-c373744 elementor-section-boxed elementor-section-height-default elementor-section-height-default\" data-id=\"c373744\" data-element_type=\"section\" data-e-type=\"section\">\n\t\t\t\t\t\t<div class=\"elementor-container elementor-column-gap-default\">\n\t\t\t\t\t<div class=\"elementor-column elementor-col-100 elementor-top-column elementor-element elementor-element-cde6bba\" data-id=\"cde6bba\" data-element_type=\"column\" data-e-type=\"column\">\n\t\t\t<div class=\"elementor-widget-wrap elementor-element-populated\">\n\t\t\t\t\t\t<div class=\"elementor-element elementor-element-e9cabe3 elementor-widget elementor-widget-heading\" data-id=\"e9cabe3\" data-element_type=\"widget\" data-e-type=\"widget\" data-widget_type=\"heading.default\">\n\t\t\t\t<div class=\"elementor-widget-container\">\n\t\t\t\t\t<h6 class=\"elementor-heading-title elementor-size-default\">EMBAUCHER UN TRAVAILLEUR : LE CAS DES NATIONAUX <\/h6>\t\t\t\t<\/div>\n\t\t\t\t<\/div>\n\t\t\t\t\t<\/div>\n\t\t<\/div>\n\t\t\t\t\t<\/div>\n\t\t<\/section>\n\t\t\t\t<section class=\"elementor-section elementor-top-section elementor-element elementor-element-ff9ee42 elementor-section-boxed elementor-section-height-default elementor-section-height-default\" data-id=\"ff9ee42\" data-element_type=\"section\" data-e-type=\"section\">\n\t\t\t\t\t\t<div class=\"elementor-container elementor-column-gap-default\">\n\t\t\t\t\t<div class=\"elementor-column elementor-col-100 elementor-top-column elementor-element elementor-element-b1419d2\" data-id=\"b1419d2\" data-element_type=\"column\" data-e-type=\"column\">\n\t\t\t<div class=\"elementor-widget-wrap elementor-element-populated\">\n\t\t\t\t\t\t<div class=\"elementor-element elementor-element-bae7582 elementor-widget elementor-widget-text-editor\" data-id=\"bae7582\" data-element_type=\"widget\" data-e-type=\"widget\" data-widget_type=\"text-editor.default\">\n\t\t\t\t<div class=\"elementor-widget-container\">\n\t\t\t\t\t\t\t\t\t<p>L\u2019employeur qui souhaite recruter du personnel doit proc\u00e9der par\u00a0:<\/p><p><strong><sup>1\u00e8re<\/sup><\/strong><strong> \u00e9tape\u00a0:<\/strong> Notification de l\u2019offre d\u2019emploi \/ Publication de l\u2019offre d\u2019emploi<\/p><p>Tout employeur d\u00e9sirant embaucher doit au pr\u00e9alable notifier son offre d\u2019emploi aupr\u00e8s de l\u2019ONEMO\u00a0; dans laquelle il pr\u00e9cise\u00a0: l\u2019appellation du poste propos\u00e9, sa description et les qualifications requises.<\/p><p>En outre, l\u2019employeur peut \u00e9galement publier ladite offre par voie de presse ou l\u2019affichage.<\/p><p><strong style=\"color: var( --e-global-color-text ); font-family: var( --e-global-typography-text-font-family ), Sans-serif; font-size: 1rem;\">2<sup>\u00e8me<\/sup> \u00e9tape\u00a0: <\/strong><span style=\"color: var( --e-global-color-text ); font-family: var( --e-global-typography-text-font-family ), Sans-serif; font-weight: var( --e-global-typography-text-font-weight ); font-size: 1rem;\">Proposition de profils de travailleurs au futur employeur<\/span><\/p><p>Apr\u00e8s la notification de l\u2019offre \u00e0 l\u2019ONEMO, ce dernier se charge de s\u00e9lectionner les profils de demandeurs d\u2019emploi susceptibles de r\u00e9pondre aux exigences de l\u2019employeur et d\u2019organiser des tests de recrutement. Si aucun de ces profils ne convient \u00e0 l\u2019employeur, cette derni\u00e8re demeure libre de s\u00e9lectionner le postulant qu\u2019il d\u00e9sire.<\/p><p><strong style=\"color: var( --e-global-color-text ); font-family: var( --e-global-typography-text-font-family ), Sans-serif; font-size: 1rem;\">3<sup>\u00e8me<\/sup> \u00e9tape\u00a0:<\/strong><span style=\"color: var( --e-global-color-text ); font-family: var( --e-global-typography-text-font-family ), Sans-serif; font-weight: var( --e-global-typography-text-font-weight ); font-size: 1rem;\"> La conclusion du contrat de travail\u00a0<\/span><\/p><p>Des mod\u00e8les de contrat de travail, qu\u2019ils soient conclus avec des nationaux ou des \u00e9trangers, sont mis \u00e0 disposition par l\u2019ONEMO. Il est rappel\u00e9 que les parties peuvent, si elles le souhaitent, amender ce mod\u00e8le de contrat de travail.<\/p><p>Le contenu du mod\u00e8le de contrat de travail est relatif aux \u00e9l\u00e9ments essentiels du contrat de travail (identification des parties, fixation de la p\u00e9riode d\u2019essai, salaire, heures suppl\u00e9mentaires, les accidents de travail, fixation des cotisations patronales et salariales, droit au cong\u00e9, conditions de r\u00e9siliation du contrat).<\/p><p><strong style=\"color: var( --e-global-color-text ); font-family: var( --e-global-typography-text-font-family ), Sans-serif; font-size: 1rem;\"><u>Pour les nationaux<\/u><\/strong><\/p><ul><li>Le cas des cadres<\/li><li>Trois exemplaires de contrat de travail<\/li><li>Un casier judiciaire<\/li><li>Un certificat de nationalit\u00e9<\/li><li>Un certificat m\u00e9dical sign\u00e9 par un m\u00e9decin agr\u00e9e par l\u2019ONEMO<\/li><li>Une fiche de renseignement et une fiche d\u2019analyse de poste d\u00fbment remplies<\/li><li>Une copie l\u00e9galis\u00e9e du dipl\u00f4me ou un certificat de travail<\/li><li>Une carte de travail et un timbre (500 FCFA)<\/li><li>Une copie du re\u00e7u attestant le paiement de la taxe patronale des trois (3) derniers mois<\/li><li>Le cas des agents subalternes\u00a0: la proc\u00e9dure reste inchang\u00e9e sauf qu\u2019ici l\u2019employeur ne joint pas les fiches de renseignements et d\u2019analyse de poste.<\/li><\/ul>\t\t\t\t\t\t\t\t<\/div>\n\t\t\t\t<\/div>\n\t\t\t\t\t<\/div>\n\t\t<\/div>\n\t\t\t\t\t<\/div>\n\t\t<\/section>\n\t\t\t\t<\/div>","protected":false},"excerpt":{"rendered":"<p>Proc\u00e9dures d&#8217;embauche &lt;h6&gt;EMBAUCHER UN TRAVAILLEUR ETRANGER &lt;\/h6&gt; L\u2019embauche d\u2019un travailleur \u00e9tranger est subordonn\u00e9e en r\u00e9publique du Congo au visa ou \u00e0 l\u2019agr\u00e9ment du Ministre en charge du travail. L\u2019employeur est [&hellip;]<\/p>\n","protected":false},"author":1658,"featured_media":0,"parent":0,"menu_order":0,"comment_status":"closed","ping_status":"closed","template":"templates\/page-without-sidebar.php","meta":{"_acf_changed":false,"footnotes":""},"class_list":["post-40368","page","type-page","status-publish","hentry"],"acf":[],"_links":{"self":[{"href":"https:\/\/liziba.cg\/en\/wp-json\/wp\/v2\/pages\/40368","targetHints":{"allow":["GET"]}}],"collection":[{"href":"https:\/\/liziba.cg\/en\/wp-json\/wp\/v2\/pages"}],"about":[{"href":"https:\/\/liziba.cg\/en\/wp-json\/wp\/v2\/types\/page"}],"author":[{"embeddable":true,"href":"https:\/\/liziba.cg\/en\/wp-json\/wp\/v2\/users\/1658"}],"replies":[{"embeddable":true,"href":"https:\/\/liziba.cg\/en\/wp-json\/wp\/v2\/comments?post=40368"}],"version-history":[{"count":0,"href":"https:\/\/liziba.cg\/en\/wp-json\/wp\/v2\/pages\/40368\/revisions"}],"wp:attachment":[{"href":"https:\/\/liziba.cg\/en\/wp-json\/wp\/v2\/media?parent=40368"}],"curies":[{"name":"wp","href":"https:\/\/api.w.org\/{rel}","templated":true}]}}