{"id":3688,"date":"2020-11-13T13:27:50","date_gmt":"2020-11-13T12:27:50","guid":{"rendered":"https:\/\/liziba.cg\/?page_id=3688"},"modified":"2021-06-07T15:31:20","modified_gmt":"2021-06-07T14:31:20","slug":"organisations-intermediaires-2","status":"publish","type":"page","link":"https:\/\/liziba.cg\/en\/organisations-intermediaires-2\/","title":{"rendered":"Organisations interm\u00e9diaires"},"content":{"rendered":"<div data-elementor-type=\"wp-page\" data-elementor-id=\"3688\" class=\"elementor elementor-3688\" data-elementor-post-type=\"page\">\n\t\t\t\t\t\t<section class=\"elementor-section elementor-top-section elementor-element elementor-element-e6df929 elementor-section-full_width elementor-section-height-default elementor-section-height-default\" data-id=\"e6df929\" data-element_type=\"section\" data-e-type=\"section\">\n\t\t\t\t\t\t<div class=\"elementor-container elementor-column-gap-default\">\n\t\t\t\t\t<div class=\"elementor-column elementor-col-100 elementor-top-column elementor-element elementor-element-a3b1e2c\" data-id=\"a3b1e2c\" data-element_type=\"column\" data-e-type=\"column\">\n\t\t\t<div class=\"elementor-widget-wrap elementor-element-populated\">\n\t\t\t\t\t\t<div class=\"elementor-element elementor-element-0b5900f elementor-cta--skin-cover elementor-animated-content elementor-bg-transform elementor-bg-transform-zoom-in elementor-widget elementor-widget-call-to-action\" data-id=\"0b5900f\" data-element_type=\"widget\" data-e-type=\"widget\" data-widget_type=\"call-to-action.default\">\n\t\t\t\t<div class=\"elementor-widget-container\">\n\t\t\t\t\t\t\t<div class=\"elementor-cta\">\n\t\t\t\t\t<div class=\"elementor-cta__bg-wrapper\">\n\t\t\t\t<div class=\"elementor-cta__bg elementor-bg\" style=\"background-image: url(https:\/\/liziba.cg\/wp-content\/uploads\/2020\/11\/innovation.jpg);\" role=\"img\" aria-label=\"innovation\"><\/div>\n\t\t\t\t<div class=\"elementor-cta__bg-overlay\"><\/div>\n\t\t\t<\/div>\n\t\t\t\t\t\t\t<div class=\"elementor-cta__content\">\n\t\t\t\t\n\t\t\t\t\t\t\t\t\t<h2 class=\"elementor-cta__title elementor-cta__content-item elementor-content-item elementor-animated-item--grow\">\n\t\t\t\t\t\tOrganisations interm\u00e9diaires\t\t\t\t\t<\/h2>\n\t\t\t\t\n\t\t\t\t\n\t\t\t\t\t\t\t<\/div>\n\t\t\t\t\t\t<\/div>\n\t\t\t\t\t\t<\/div>\n\t\t\t\t<\/div>\n\t\t\t\t\t<\/div>\n\t\t<\/div>\n\t\t\t\t\t<\/div>\n\t\t<\/section>\n\t\t\t\t<section class=\"elementor-section elementor-top-section elementor-element elementor-element-d884800 elementor-section-boxed elementor-section-height-default elementor-section-height-default\" data-id=\"d884800\" data-element_type=\"section\" data-e-type=\"section\">\n\t\t\t\t\t\t<div class=\"elementor-container elementor-column-gap-default\">\n\t\t\t\t\t<div class=\"elementor-column elementor-col-100 elementor-top-column elementor-element elementor-element-72ed382\" data-id=\"72ed382\" data-element_type=\"column\" data-e-type=\"column\">\n\t\t\t<div class=\"elementor-widget-wrap elementor-element-populated\">\n\t\t\t\t\t\t<div class=\"elementor-element elementor-element-571d3ec elementor-widget elementor-widget-shortcode\" data-id=\"571d3ec\" data-element_type=\"widget\" data-e-type=\"widget\" data-widget_type=\"shortcode.default\">\n\t\t\t\t<div class=\"elementor-widget-container\">\n\t\t\t\t\t\t\t<div class=\"elementor-shortcode\"><div class=\"wptb-container-legacy\" data-table-id=\"3202\">\n    <table class=\"wptb-preview-table wptb-element-main-table_setting-2349 edit-active\" style=\"border: 3px solid rgb(150, 102, 30);\" data-reconstraction=\"0\" data-wptb-table-tds-sum-max-width=\"400.5\" data-wptb-cells-width-auto-count=\"3\" role=\"table\" data-wptb-header-background-color=\"\" data-wptb-even-row-background-color=\"#FFFFFF\" data-wptb-odd-row-background-color=\"\" data-table-columns=\"3\" data-wptb-fixed-width-size=\"0\" data-wptb-extra-styles=\"LyogRW50ZXIgeW91ciBjdXN0b20gQ1NTIHJ1bGVzIGhlcmUgKi8=\"><tbody><tr class=\"wptb-row\" style=\"\"><td class=\"wptb-cell\" data-y-index=\"0\" data-x-index=\"0\" style=\"border-width: 1px; border-color: rgb(150, 102, 30); border-style: solid;\" data-wptb-css-td-auto-width=\"true\" colspan=\"3\" rowspan=\"1\"><div class=\"wptb-text-container wptb-ph-element wptb-element-text-4\" style=\"font-size: 17px;\"><div class=\"\" style=\"position: relative;\"><p style=\"text-align: center;\" class=\"\"><strong>Organisations interm\u00e9diaires<\/strong><\/p><\/div><\/div><\/td><\/tr><tr class=\"wptb-row\" style=\"background-color: rgb(255, 255, 255);\"><td class=\"wptb-cell\" data-y-index=\"1\" data-x-index=\"0\" style=\"border-width: 1px; border-color: rgb(150, 102, 30); border-style: solid;\" data-wptb-css-td-auto-width=\"true\"><div class=\"wptb-text-container wptb-ph-element wptb-element-text-5\"><div class=\"\" style=\"position: relative;\"><p>Structures<\/p><\/div><\/div><\/td><td class=\"wptb-cell\" style=\"border-width: 1px; border-color: rgb(150, 102, 30); border-style: solid;\" data-x-index=\"1\" data-y-index=\"1\" data-wptb-css-td-auto-width=\"true\"><div class=\"wptb-text-container wptb-ph-element wptb-element-text-32\"><div class=\"\" style=\"position: relative;\"><p>Missions<\/p><\/div><\/div><\/td><td class=\"wptb-cell\" style=\"border-width: 1px; border-color: rgb(150, 102, 30); border-style: solid;\" data-x-index=\"2\" data-y-index=\"1\" data-wptb-css-td-auto-width=\"true\" colspan=\"1\" rowspan=\"1\"><div class=\"wptb-text-container wptb-ph-element wptb-element-text-6\"><div class=\"\" style=\"position: relative;\"><p>Adresses<\/p><\/div><\/div><\/td><\/tr><tr class=\"wptb-row\" style=\"\"><td class=\"wptb-cell\" style=\"border-width: 1px; border-color: rgb(150, 102, 30); border-style: solid;\" data-x-index=\"0\" data-y-index=\"2\" data-wptb-css-td-auto-width=\"true\"><div class=\"wptb-text-container wptb-ph-element wptb-element-text-7\"><div class=\"\" style=\"position: relative;\"><p>CCIAM Brazzaville<\/p><\/div><\/div><\/td><td class=\"wptb-cell\" style=\"border-width: 1px; border-color: rgb(150, 102, 30); border-style: solid;\" data-x-index=\"1\" data-y-index=\"2\" data-wptb-css-td-auto-width=\"true\" colspan=\"1\" rowspan=\"4\"><div class=\"wptb-text-container wptb-ph-element wptb-element-text-13\"><div class=\"\" style=\"position: relative;\"><p>-Promotion&nbsp;: organis\u00e9 des manifestations \u00e9conomiques et commerciales&nbsp;;<br>Formation et perfectionnement professionnels&nbsp;: \u00e9laborer des plans de formation et assurer la formation des chefs d\u2019entreprise&nbsp;;<br>-Repr\u00e9sentation&nbsp;: des int\u00e9r\u00eats commerciaux&nbsp;;<br>-Consultation et recommandations&nbsp;: sur les r\u00e8glementations relatives aux usages commerciaux&nbsp;;<br>-Arbitrage&nbsp;: mettre en place le m\u00e9canisme de r\u00e8glement amiable des conflits entre commer\u00e7ant.<\/p><\/div><\/div><\/td><td class=\"wptb-cell\" style=\"border-width: 1px; border-color: rgb(150, 102, 30); border-style: solid;\" data-x-index=\"2\" data-y-index=\"2\" data-wptb-css-td-auto-width=\"true\"><\/td><\/tr><tr class=\"wptb-row\" style=\"background-color: rgb(255, 255, 255);\"><td class=\"wptb-cell\" style=\"border-width: 1px; border-color: rgb(150, 102, 30); border-style: solid;\" data-x-index=\"0\" data-y-index=\"3\" data-wptb-css-td-auto-width=\"true\"><div class=\"wptb-text-container wptb-ph-element wptb-element-text-8\"><div class=\"\" style=\"position: relative;\"><p>CCIAM Dolisie<\/p><\/div><\/div><\/td><td class=\"wptb-cell\" style=\"border-width: 1px; border-color: rgb(150, 102, 30); border-style: solid;\" data-x-index=\"2\" data-y-index=\"3\" data-wptb-css-td-auto-width=\"true\"><div class=\"wptb-text-container wptb-ph-element wptb-element-text-33\"><div class=\"\" style=\"position: relative;\"><p><a href=\"https:\/\/www.facebook.com\/Chambre-de-Commerce-dIndustrie-dAgriculture-et-des-M%C3%A9tiers-de-Dolisie-106625084266645\" data-mce-href=\"https:\/\/www.facebook.com\/Chambre-de-Commerce-dIndustrie-dAgriculture-et-des-M%C3%A9tiers-de-Dolisie-106625084266645\">https:\/\/www.facebook.com\/Chambre-de-Commerce-dIndustrie-dAgriculture-et-des-M%C3%A9tiers-de-Dolisie-106625084266645<\/a><\/p><p><\/p><\/div><\/div><\/td><\/tr><tr class=\"wptb-row\" style=\"\"><td class=\"wptb-cell\" style=\"border-width: 1px; border-color: rgb(150, 102, 30); border-style: solid;\" data-x-index=\"0\" data-y-index=\"4\" data-wptb-css-td-auto-width=\"true\"><div class=\"wptb-text-container wptb-ph-element wptb-element-text-10\"><div class=\"\" style=\"position: relative;\"><p>CCIAM Ouesso<\/p><\/div><\/div><\/td><td class=\"wptb-cell\" style=\"border-width: 1px; border-color: rgb(150, 102, 30); border-style: solid;\" data-x-index=\"2\" data-y-index=\"4\" data-wptb-css-td-auto-width=\"true\"><\/td><\/tr><tr class=\"wptb-row\" style=\"background-color: rgb(255, 255, 255);\"><td class=\"wptb-cell\" style=\"border-width: 1px; border-color: rgb(150, 102, 30); border-style: solid;\" data-x-index=\"0\" data-y-index=\"5\" data-wptb-css-td-auto-width=\"true\"><div class=\"wptb-text-container wptb-ph-element wptb-element-text-12\"><div class=\"\" style=\"position: relative;\"><p>CCIAM Pointe-Noire<\/p><\/div><\/div><\/td><td class=\"wptb-cell\" style=\"border-width: 1px; border-color: rgb(150, 102, 30); border-style: solid;\" data-x-index=\"2\" data-y-index=\"5\" data-wptb-css-td-auto-width=\"true\"><div class=\"wptb-custom_html-container wptb-ph-element wptb-ondragenter wptb-element-custom_html-2\"><div class=\"wptb-custom-html-wrapper\" data-wptb-new-element=\"1\" style=\"position: relative;\"><a href=\"http:\/\/www.cciampnr.com\" data-mce-href=\"http:\/\/www.cciampnr.com\">http:\/\/www.cciampnr.com <\/a><\/div><\/div><\/td><\/tr><tr class=\"wptb-row\" style=\"\"><td class=\"wptb-cell\" style=\"border-width: 1px; border-color: rgb(150, 102, 30); border-style: solid;\" data-x-index=\"0\" data-y-index=\"6\" data-wptb-css-td-auto-width=\"true\"><div class=\"wptb-text-container wptb-ph-element wptb-element-text-14\"><div class=\"\" style=\"position: relative;\"><p>Unicongo<\/p><\/div><\/div><\/td><td class=\"wptb-cell\" style=\"border-width: 1px; border-color: rgb(150, 102, 30); border-style: solid;\" data-x-index=\"1\" data-y-index=\"6\" data-wptb-css-td-auto-width=\"true\"><div class=\"wptb-text-container wptb-ph-element wptb-element-text-15\"><div class=\"\" style=\"position: relative;\"><p>-Informer&nbsp;: Diffusion des notes d\u2019information et mise \u00e0 disposition de la documentation aux adh\u00e9rents&nbsp;;<br>-Assister les entreprises&nbsp;: Pour la r\u00e9solution des probl\u00e8mes particuliers&nbsp;;<br>Intervenir&nbsp;: Intervention du -Secr\u00e9tariat G\u00e9n\u00e9ral aupr\u00e8s des administrations et\/ou organismes publics&nbsp;;<br>-Repr\u00e9senter&nbsp;: Repr\u00e9sentation pour divers dossiers transversaux aux f\u00e9d\u00e9rations et face aux probl\u00e8mes d\u2019int\u00e9r\u00eat g\u00e9n\u00e9ral.<\/p><\/div><\/div><\/td><td class=\"wptb-cell\" style=\"border-width: 1px; border-color: rgb(150, 102, 30); border-style: solid;\" data-x-index=\"2\" data-y-index=\"6\" data-wptb-css-td-auto-width=\"true\"><div class=\"wptb-custom_html-container wptb-ph-element wptb-element-custom_html-3\"><div class=\"wptb-custom-html-wrapper\" data-wptb-new-element=\"1\" style=\"position: relative;\"><a href=\"https:\/\/www.unicongo.org\/\" data-mce-href=\"https:\/\/www.unicongo.org\/\">https:\/\/www.unicongo.org\/<\/a><\/div><\/div><\/td><\/tr><tr class=\"wptb-row\" style=\"background-color: rgb(255, 255, 255);\"><td class=\"wptb-cell\" style=\"border-width: 1px; border-color: rgb(150, 102, 30); border-style: solid;\" data-x-index=\"0\" data-y-index=\"7\" data-wptb-css-td-auto-width=\"true\"><div class=\"wptb-text-container wptb-ph-element wptb-element-text-16\"><div class=\"\" style=\"position: relative;\"><p>Unoc<\/p><\/div><\/div><\/td><td class=\"wptb-cell\" style=\"border-width: 1px; border-color: rgb(150, 102, 30); border-style: solid;\" data-x-index=\"1\" data-y-index=\"7\" data-wptb-css-td-auto-width=\"true\"><div class=\"wptb-text-container wptb-ph-element wptb-element-text-17\"><div class=\"\" style=\"position: relative;\"><p>-D\u00e9fendre les int\u00e9r\u00eats de ses membres<\/p><\/div><\/div><\/td><td class=\"wptb-cell\" style=\"border-width: 1px; border-color: rgb(150, 102, 30); border-style: solid;\" data-x-index=\"2\" data-y-index=\"7\" data-wptb-css-td-auto-width=\"true\"><\/td><\/tr><tr class=\"wptb-row\" style=\"\"><td class=\"wptb-cell\" style=\"border-width: 1px; border-color: rgb(150, 102, 30); border-style: solid;\" data-x-index=\"0\" data-y-index=\"8\" data-wptb-css-td-auto-width=\"true\"><div class=\"wptb-text-container wptb-ph-element wptb-element-text-18\"><div class=\"\" style=\"position: relative;\"><p>IECD<\/p><\/div><\/div><\/td><td class=\"wptb-cell\" style=\"border-width: 1px; border-color: rgb(150, 102, 30); border-style: solid;\" data-x-index=\"1\" data-y-index=\"8\" data-wptb-css-td-auto-width=\"true\"><div class=\"wptb-text-container wptb-ph-element wptb-element-text-21\"><div class=\"\" style=\"position: relative;\"><p>-Appuyer les entrepreneurs en milieu urbain ;<br>-Appui au d\u00e9veloppement rural.<\/p><\/div><\/div><\/td><td class=\"wptb-cell\" style=\"border-width: 1px; border-color: rgb(150, 102, 30); border-style: solid;\" data-x-index=\"2\" data-y-index=\"8\" data-wptb-css-td-auto-width=\"true\"><div class=\"wptb-text-container wptb-ph-element wptb-element-text-34\"><div class=\"\" style=\"position: relative;\"><p><a data-mce-href=\"https:\/\/www.iecd.org\/zones-dintervention\/afrique-subsaharienne\/congo-brazzaville\/\" href=\"https:\/\/www.iecd.org\/zones-dintervention\/afrique-subsaharienne\/congo-brazzaville\/\" data-mce-selected=\"inline-boundary\">https:\/\/www.iecd.org\/zones-dintervention\/afrique-subsaharienne\/congo-brazzaville\/<\/a><\/p><\/div><\/div><\/td><\/tr><tr class=\"wptb-row\" style=\"background-color: rgb(255, 255, 255);\"><td class=\"wptb-cell\" style=\"border-width: 1px; border-color: rgb(150, 102, 30); border-style: solid;\" data-x-index=\"0\" data-y-index=\"9\" data-wptb-css-td-auto-width=\"true\"><div class=\"wptb-text-container wptb-ph-element wptb-element-text-20\"><div class=\"\" style=\"position: relative;\"><p>FJEC<\/p><\/div><\/div><\/td><td class=\"wptb-cell\" style=\"border-width: 1px; border-color: rgb(150, 102, 30); border-style: solid;\" data-x-index=\"1\" data-y-index=\"9\" data-wptb-css-td-auto-width=\"true\"><div class=\"wptb-text-container wptb-ph-element wptb-element-text-36\"><div class=\"\" style=\"position: relative;\"><p>-\u00catre au service de toutes personnes, acteurs \u00e9conomique et social, qui envisage de cr\u00e9er ou d\u00e9velopper sa propre entreprise&nbsp;;<br>-Appuyer les initiatives individuelles et collectives et contribuer ainsi \u00e0 la naissance d\u2019une nouvelle g\u00e9n\u00e9ration d\u2019entrepreneurs.<\/p><\/div><\/div><\/td><td class=\"wptb-cell\" style=\"border-width: 1px; border-color: rgb(150, 102, 30); border-style: solid;\" data-x-index=\"2\" data-y-index=\"9\" data-wptb-css-td-auto-width=\"true\"><div class=\"wptb-custom_html-container wptb-ph-element wptb-element-custom_html-4\"><div class=\"wptb-custom-html-wrapper\" data-wptb-new-element=\"1\">            <a href=\"http:\/\/fjec-congo.com\/ \">http:\/\/fjec-congo.com<\/a>        <\/div><\/div><\/td><\/tr><tr class=\"wptb-row\" style=\"\"><td class=\"wptb-cell\" style=\"border-width: 1px; border-color: rgb(150, 102, 30); border-style: solid;\" data-x-index=\"0\" data-y-index=\"10\" data-wptb-css-td-auto-width=\"true\"><div class=\"wptb-text-container wptb-ph-element wptb-element-text-22\"><div class=\"\" style=\"position: relative;\"><p>GIAC<\/p><\/div><\/div><\/td><td class=\"wptb-cell\" style=\"border-width: 1px; border-color: rgb(150, 102, 30); border-style: solid;\" data-x-index=\"1\" data-y-index=\"10\" data-wptb-css-td-auto-width=\"true\"><div class=\"wptb-text-container wptb-ph-element wptb-element-text-23\"><div class=\"\" style=\"position: relative;\"><p>-D\u00e9velopper et promouvoir l\u2019artisanat<\/p><\/div><\/div><\/td><td class=\"wptb-cell\" style=\"border-width: 1px; border-color: rgb(150, 102, 30); border-style: solid;\" data-x-index=\"2\" data-y-index=\"10\" data-wptb-css-td-auto-width=\"true\"><\/td><\/tr><tr class=\"wptb-row\" style=\"background-color: rgb(255, 255, 255);\"><td class=\"wptb-cell\" style=\"border-width: 1px; border-color: rgb(150, 102, 30); border-style: solid;\" data-x-index=\"0\" data-y-index=\"11\" data-wptb-css-td-auto-width=\"true\"><div class=\"wptb-text-container wptb-ph-element wptb-ondragenter wptb-element-text-35\"><div class=\"\" style=\"position: relative;\"><p>Conf\u00e9d\u00e9ration G\u00e9n\u00e9rale du Patronat du Congo( COGEPACO)<\/p><\/div><\/div><\/td><td class=\"wptb-cell\" style=\"border-width: 1px; border-color: rgb(150, 102, 30); border-style: solid;\" data-x-index=\"1\" data-y-index=\"11\" data-wptb-css-td-auto-width=\"true\"><div class=\"wptb-list-container wptb-ph-element wptb-element-list-1\"><ul>            <li class=\"wptb-in-element\">                <div class=\"wptb-list-item-content\" style=\"position: relative;\"><p data-list-style-type-index=\"1.\" class=\"wptb-list-style-type-none\">-D\u00e9fendre les int\u00e9r\u00eats mat\u00e9riels moraux des membres de la COGEPACO<\/p><\/div>            <\/li>            <li class=\"wptb-in-element\">                <div class=\"wptb-list-item-content\" style=\"position: relative;\"><p data-list-style-type-index=\"2.\" class=\"wptb-list-style-type-none\">-Cr\u00e9er, d\u00e9velopper les PME-PMI-PMEA-PMEF en vue de leur participation aux performances \u00e9conomiques et la cr\u00e9ation d'emploi.<\/p><\/div>            <\/li>            <li class=\"wptb-in-element\">                <div class=\"wptb-list-item-content\" style=\"position: relative;\"><p data-list-style-type-index=\"3.\" class=\"wptb-list-style-type-none\">-Former les Chefs d'Entreprises des PME-PMI-PMEA-PMEF.<\/p><\/div>            <\/li><li class=\"wptb-in-element\">                <div class=\"wptb-list-item-content\" style=\"position: relative;\"><p data-list-style-type-index=\"4.\" class=\"wptb-list-style-type-none\">-Contribuer au partenariat d'Affaires gagnant-gagnant des membres affili\u00e9s dans le cadre de la zone de libre-\u00e9change continentale africaine.<\/p><\/div>            <\/li>        <\/ul><\/div><\/td><td class=\"wptb-cell\" style=\"border-width: 1px; border-color: rgb(150, 102, 30); border-style: solid;\" data-x-index=\"2\" data-y-index=\"11\" data-wptb-css-td-auto-width=\"true\"><div class=\"wptb-list-container wptb-ph-element wptb-element-list-2\"><ul>            <li class=\"wptb-in-element\">                <div class=\"wptb-list-item-content\" style=\"position: relative;\"><p data-list-style-type-index=\"1.\" class=\"wptb-list-style-type-none\">Si\u00e8ge : 1638, Rue Louingui-Ouenz\u00e9 Brazzaville-<\/p><\/div>            <\/li>            <li class=\"wptb-in-element\">                <div class=\"wptb-list-item-content\" style=\"position: relative;\"><p data-list-style-type-index=\"2.\" class=\"wptb-list-style-type-none\">T\u00e9l. (+242) : 05 558 14 90\/ 06 635 84 86\/ 06 979 36 09<\/p><\/div>            <\/li>            <li class=\"wptb-in-element\">                <div class=\"wptb-list-item-content\" style=\"position: relative;\"><p data-list-style-type-index=\"3.\" class=\"wptb-list-style-type-none\">05 527 51 44\/ 06 962 43 86\/ 06 437 35 05<\/p><\/div>            <\/li><li class=\"wptb-in-element\">                <div class=\"wptb-list-item-content\" style=\"position: relative;\"><p data-list-style-type-index=\"4.\" class=\"wptb-list-style-type-none\">Email: cogepaco@gmail.com<\/p><\/div>            <\/li>        <\/ul><\/div><\/td><\/tr><\/tbody><\/table>\n<\/div>\n<\/div>\n\t\t\t\t\t\t<\/div>\n\t\t\t\t<\/div>\n\t\t\t\t\t<\/div>\n\t\t<\/div>\n\t\t\t\t\t<\/div>\n\t\t<\/section>\n\t\t\t\t<section class=\"elementor-section elementor-top-section elementor-element elementor-element-935860c elementor-section-boxed elementor-section-height-default elementor-section-height-default\" data-id=\"935860c\" data-element_type=\"section\" data-e-type=\"section\">\n\t\t\t\t\t\t<div class=\"elementor-container elementor-column-gap-default\">\n\t\t\t\t\t<div class=\"elementor-column elementor-col-100 elementor-top-column elementor-element elementor-element-98c0770\" data-id=\"98c0770\" data-element_type=\"column\" data-e-type=\"column\">\n\t\t\t<div class=\"elementor-widget-wrap elementor-element-populated\">\n\t\t\t\t\t\t<div class=\"elementor-element elementor-element-185a4ed elementor-widget elementor-widget-button\" data-id=\"185a4ed\" data-element_type=\"widget\" data-e-type=\"widget\" data-widget_type=\"button.default\">\n\t\t\t\t<div class=\"elementor-widget-container\">\n\t\t\t\t\t\t\t\t\t<div class=\"elementor-button-wrapper\">\n\t\t\t\t\t<a class=\"elementor-button elementor-button-link elementor-size-sm\" href=\"https:\/\/liziba.cg\/en\/structures-etatiques-dappui-2\/\">\n\t\t\t\t\t\t<span class=\"elementor-button-content-wrapper\">\n\t\t\t\t\t\t<span class=\"elementor-button-icon\">\n\t\t\t\t<i aria-hidden=\"true\" class=\"far fa-arrow-alt-circle-left\"><\/i>\t\t\t<\/span>\n\t\t\t\t\t\t\t\t\t<span class=\"elementor-button-text\">Structures \u00e9tatiques d'appui<\/span>\n\t\t\t\t\t<\/span>\n\t\t\t\t\t<\/a>\n\t\t\t\t<\/div>\n\t\t\t\t\t\t\t\t<\/div>\n\t\t\t\t<\/div>\n\t\t\t\t\t<\/div>\n\t\t<\/div>\n\t\t\t\t\t<\/div>\n\t\t<\/section>\n\t\t\t\t<\/div>","protected":false},"excerpt":{"rendered":"<p>Structures \u00e9tatiques d&#8217;appui<\/p>","protected":false},"author":1659,"featured_media":0,"parent":0,"menu_order":0,"comment_status":"closed","ping_status":"closed","template":"templates\/page-without-sidebar.php","meta":{"_acf_changed":false,"footnotes":""},"class_list":["post-3688","page","type-page","status-publish","hentry"],"acf":[],"_links":{"self":[{"href":"https:\/\/liziba.cg\/en\/wp-json\/wp\/v2\/pages\/3688","targetHints":{"allow":["GET"]}}],"collection":[{"href":"https:\/\/liziba.cg\/en\/wp-json\/wp\/v2\/pages"}],"about":[{"href":"https:\/\/liziba.cg\/en\/wp-json\/wp\/v2\/types\/page"}],"author":[{"embeddable":true,"href":"https:\/\/liziba.cg\/en\/wp-json\/wp\/v2\/users\/1659"}],"replies":[{"embeddable":true,"href":"https:\/\/liziba.cg\/en\/wp-json\/wp\/v2\/comments?post=3688"}],"version-history":[{"count":0,"href":"https:\/\/liziba.cg\/en\/wp-json\/wp\/v2\/pages\/3688\/revisions"}],"wp:attachment":[{"href":"https:\/\/liziba.cg\/en\/wp-json\/wp\/v2\/media?parent=3688"}],"curies":[{"name":"wp","href":"https:\/\/api.w.org\/{rel}","templated":true}]}}