{"id":2561,"date":"2020-10-21T20:56:15","date_gmt":"2020-10-21T19:56:15","guid":{"rendered":"https:\/\/liziba.cg\/?page_id=2561"},"modified":"2022-10-12T10:27:08","modified_gmt":"2022-10-12T09:27:08","slug":"cemaco","status":"publish","type":"page","link":"https:\/\/liziba.cg\/en\/cemaco\/","title":{"rendered":"CEMACO"},"content":{"rendered":"<div data-elementor-type=\"wp-page\" data-elementor-id=\"2561\" class=\"elementor elementor-2561\" data-elementor-post-type=\"page\">\n\t\t\t\t\t\t<section class=\"elementor-section elementor-top-section elementor-element elementor-element-584e710 elementor-section-full_width elementor-section-height-default elementor-section-height-default elementor-invisible\" data-id=\"584e710\" data-element_type=\"section\" data-e-type=\"section\" data-settings=\"{&quot;animation&quot;:&quot;bounceIn&quot;}\">\n\t\t\t\t\t\t<div class=\"elementor-container elementor-column-gap-default\">\n\t\t\t\t\t<div class=\"elementor-column elementor-col-100 elementor-top-column elementor-element elementor-element-08ea982\" data-id=\"08ea982\" data-element_type=\"column\" data-e-type=\"column\">\n\t\t\t<div class=\"elementor-widget-wrap elementor-element-populated\">\n\t\t\t\t\t\t<div class=\"elementor-element elementor-element-71dce18 elementor-cta--skin-cover elementor-cta--valign-bottom elementor-animated-content elementor-bg-transform elementor-bg-transform-zoom-in elementor-widget elementor-widget-call-to-action\" data-id=\"71dce18\" data-element_type=\"widget\" data-e-type=\"widget\" data-widget_type=\"call-to-action.default\">\n\t\t\t\t<div class=\"elementor-widget-container\">\n\t\t\t\t\t\t\t<a class=\"elementor-cta\" href=\"http:\/\/cemacopnr.org\">\n\t\t\t\t\t<div class=\"elementor-cta__bg-wrapper\">\n\t\t\t\t<div class=\"elementor-cta__bg elementor-bg\" style=\"background-image: url(https:\/\/liziba.cg\/wp-content\/uploads\/2021\/05\/image-4.png);\" role=\"img\" aria-label=\"image 4\"><\/div>\n\t\t\t\t<div class=\"elementor-cta__bg-overlay\"><\/div>\n\t\t\t<\/div>\n\t\t\t\t\t\t\t<div class=\"elementor-cta__content\">\n\t\t\t\t\n\t\t\t\t\n\t\t\t\t\t\t\t\t\t<div class=\"elementor-cta__description elementor-cta__content-item elementor-content-item elementor-animated-item--grow\">\n\t\t\t\t\t\tInstitution de justice alternative aux fins de r\u00e8glement des diff\u00e9rends d\u2019affaires, cr\u00e9\u00e9e conform\u00e9ment au trait\u00e9 OHADA \t\t\t\t\t<\/div>\n\t\t\t\t\n\t\t\t\t\t\t\t<\/div>\n\t\t\t\t\t\t<\/a>\n\t\t\t\t\t\t<\/div>\n\t\t\t\t<\/div>\n\t\t\t\t\t<\/div>\n\t\t<\/div>\n\t\t\t\t\t<\/div>\n\t\t<\/section>\n\t\t\t\t<section class=\"elementor-section elementor-top-section elementor-element elementor-element-2eb1c2e elementor-section-boxed elementor-section-height-default elementor-section-height-default\" data-id=\"2eb1c2e\" data-element_type=\"section\" data-e-type=\"section\">\n\t\t\t\t\t\t<div class=\"elementor-container elementor-column-gap-default\">\n\t\t\t\t\t<div class=\"elementor-column elementor-col-100 elementor-top-column elementor-element elementor-element-67586cb\" data-id=\"67586cb\" data-element_type=\"column\" data-e-type=\"column\">\n\t\t\t<div class=\"elementor-widget-wrap elementor-element-populated\">\n\t\t\t\t\t\t<div class=\"elementor-element elementor-element-463371f elementor-widget elementor-widget-heading\" data-id=\"463371f\" data-element_type=\"widget\" data-e-type=\"widget\" data-widget_type=\"heading.default\">\n\t\t\t\t<div class=\"elementor-widget-container\">\n\t\t\t\t\t<h2 class=\"elementor-heading-title elementor-size-default\">CENTRE DE MEDIATION ET D\u2019ARBITRAGE DU CONGO (CEMACO)<\/h2>\t\t\t\t<\/div>\n\t\t\t\t<\/div>\n\t\t\t\t\t<\/div>\n\t\t<\/div>\n\t\t\t\t\t<\/div>\n\t\t<\/section>\n\t\t\t\t<section class=\"elementor-section elementor-top-section elementor-element elementor-element-2f885f9 elementor-section-boxed elementor-section-height-default elementor-section-height-default\" data-id=\"2f885f9\" data-element_type=\"section\" data-e-type=\"section\">\n\t\t\t\t\t\t<div class=\"elementor-container elementor-column-gap-default\">\n\t\t\t\t\t<div class=\"elementor-column elementor-col-100 elementor-top-column elementor-element elementor-element-258e79e\" data-id=\"258e79e\" data-element_type=\"column\" data-e-type=\"column\">\n\t\t\t<div class=\"elementor-widget-wrap elementor-element-populated\">\n\t\t\t\t\t\t<div class=\"elementor-element elementor-element-5aa30ae elementor-widget elementor-widget-text-editor\" data-id=\"5aa30ae\" data-element_type=\"widget\" data-e-type=\"widget\" data-widget_type=\"text-editor.default\">\n\t\t\t\t<div class=\"elementor-widget-container\">\n\t\t\t\t\t\t\t\t\t<p>Le CEMACO est une institution de justice alternative aux fins de r\u00e8glement des diff\u00e9rends d\u2019Affaire, cr\u00e9\u00e9 conform\u00e9ment au Trait\u00e9 OHADA (Organisation pour l\u2019Harmonisation du Droit des Affaires en Afrique).<\/p><p>Il a pour mission de\u00a0:<\/p><ul><li>Organiser les proc\u00e9dures de m\u00e9diation et d\u2019arbitrage au profit des op\u00e9rateurs \u00e9conomiques;<\/li><li>Contribuer \u00e0 l\u2019am\u00e9lioration du climat des affaires\u00a0;<\/li><li>Offrir un espace d\u2019\u00e9coute active et d\u2019accompagnement.<\/li><\/ul><p>L\u2019objectif poursuivi par le CEMACO est le renforcement de la confiance des entreprises et l\u2019am\u00e9lioration de leur environnement juridique\u00a0: M\u00e9diation et Arbitrage, leviers de d\u00e9veloppement.<\/p><p>Les atouts du CEMACO sont\u00a0:<\/p><ul><li>Une justice \u00e9conomique avec des co\u00fbts adapt\u00e9s\u00a0;<\/li><li>Des M\u00e9diateurs, Arbitres et Experts disponibles couvrant tout le spectre de l\u2019activit\u00e9 \u00e9conomique\u00a0;<\/li><li>Une justice ind\u00e9pendante, impartiale, et en toute confidentialit\u00e9.<\/li><li>Une transparence absolue aux parties<\/li><\/ul>\t\t\t\t\t\t\t\t<\/div>\n\t\t\t\t<\/div>\n\t\t\t\t\t<\/div>\n\t\t<\/div>\n\t\t\t\t\t<\/div>\n\t\t<\/section>\n\t\t\t\t<section class=\"elementor-section elementor-top-section elementor-element elementor-element-ade6a6e elementor-section-boxed elementor-section-height-default elementor-section-height-default\" data-id=\"ade6a6e\" data-element_type=\"section\" data-e-type=\"section\">\n\t\t\t\t\t\t<div class=\"elementor-container elementor-column-gap-default\">\n\t\t\t\t\t<div class=\"elementor-column elementor-col-100 elementor-top-column elementor-element elementor-element-21f1a49\" data-id=\"21f1a49\" data-element_type=\"column\" data-e-type=\"column\">\n\t\t\t<div class=\"elementor-widget-wrap elementor-element-populated\">\n\t\t\t\t\t\t<div class=\"elementor-element elementor-element-ccdf4ac elementor-widget elementor-widget-heading\" data-id=\"ccdf4ac\" data-element_type=\"widget\" data-e-type=\"widget\" data-widget_type=\"heading.default\">\n\t\t\t\t<div class=\"elementor-widget-container\">\n\t\t\t\t\t<h4 class=\"elementor-heading-title elementor-size-default\">M\u00e9diation<\/h4>\t\t\t\t<\/div>\n\t\t\t\t<\/div>\n\t\t\t\t<div class=\"elementor-element elementor-element-1ce0e8c elementor-widget elementor-widget-text-editor\" data-id=\"1ce0e8c\" data-element_type=\"widget\" data-e-type=\"widget\" data-widget_type=\"text-editor.default\">\n\t\t\t\t<div class=\"elementor-widget-container\">\n\t\t\t\t\t\t\t\t\t<p>Mode alternatif de r\u00e8glement de litiges par le rapprochement des parties<\/p>\t\t\t\t\t\t\t\t<\/div>\n\t\t\t\t<\/div>\n\t\t\t\t\t<\/div>\n\t\t<\/div>\n\t\t\t\t\t<\/div>\n\t\t<\/section>\n\t\t\t\t<section class=\"elementor-section elementor-top-section elementor-element elementor-element-5b5d2f9 elementor-section-boxed elementor-section-height-default elementor-section-height-default\" data-id=\"5b5d2f9\" data-element_type=\"section\" data-e-type=\"section\">\n\t\t\t\t\t\t<div class=\"elementor-container elementor-column-gap-default\">\n\t\t\t\t\t<div class=\"elementor-column elementor-col-100 elementor-top-column elementor-element elementor-element-5f23704\" data-id=\"5f23704\" data-element_type=\"column\" data-e-type=\"column\">\n\t\t\t<div class=\"elementor-widget-wrap elementor-element-populated\">\n\t\t\t\t\t\t<div class=\"elementor-element elementor-element-b5f02b4 elementor-widget elementor-widget-heading\" data-id=\"b5f02b4\" data-element_type=\"widget\" data-e-type=\"widget\" data-widget_type=\"heading.default\">\n\t\t\t\t<div class=\"elementor-widget-container\">\n\t\t\t\t\t<h4 class=\"elementor-heading-title elementor-size-default\">Arbitrage<\/h4>\t\t\t\t<\/div>\n\t\t\t\t<\/div>\n\t\t\t\t<div class=\"elementor-element elementor-element-b1d5df1 elementor-widget elementor-widget-text-editor\" data-id=\"b1d5df1\" data-element_type=\"widget\" data-e-type=\"widget\" data-widget_type=\"text-editor.default\">\n\t\t\t\t<div class=\"elementor-widget-container\">\n\t\t\t\t\t\t\t\t\tMode alternatif de r\u00e8glement de litiges contractuels et juridictionnels bas\u00e9 sur la volont\u00e9 des parties qui se manifeste \u00e0 travers la convention d\u2019arbitrage.\n\t\t\t\t\t\t\t\t<\/div>\n\t\t\t\t<\/div>\n\t\t\t\t\t<\/div>\n\t\t<\/div>\n\t\t\t\t\t<\/div>\n\t\t<\/section>\n\t\t\t\t<section class=\"elementor-section elementor-top-section elementor-element elementor-element-82124f1 elementor-section-boxed elementor-section-height-default elementor-section-height-default\" data-id=\"82124f1\" data-element_type=\"section\" data-e-type=\"section\">\n\t\t\t\t\t\t<div class=\"elementor-container elementor-column-gap-default\">\n\t\t\t\t\t<div class=\"elementor-column elementor-col-100 elementor-top-column elementor-element elementor-element-366512a\" data-id=\"366512a\" data-element_type=\"column\" data-e-type=\"column\">\n\t\t\t<div class=\"elementor-widget-wrap elementor-element-populated\">\n\t\t\t\t\t\t<div class=\"elementor-element elementor-element-26c14f2 elementor-widget elementor-widget-heading\" data-id=\"26c14f2\" data-element_type=\"widget\" data-e-type=\"widget\" data-widget_type=\"heading.default\">\n\t\t\t\t<div class=\"elementor-widget-container\">\n\t\t\t\t\t<h4 class=\"elementor-heading-title elementor-size-default\">Avantages des MARL<\/h4>\t\t\t\t<\/div>\n\t\t\t\t<\/div>\n\t\t\t\t<div class=\"elementor-element elementor-element-0d7c6a6 elementor-widget elementor-widget-text-editor\" data-id=\"0d7c6a6\" data-element_type=\"widget\" data-e-type=\"widget\" data-widget_type=\"text-editor.default\">\n\t\t\t\t<div class=\"elementor-widget-container\">\n\t\t\t\t\t\t\t\t\t<p>Garantie de la continuit\u00e9 de la relation d\u2019affaires.<\/p>\t\t\t\t\t\t\t\t<\/div>\n\t\t\t\t<\/div>\n\t\t\t\t\t<\/div>\n\t\t<\/div>\n\t\t\t\t\t<\/div>\n\t\t<\/section>\n\t\t\t\t<section class=\"elementor-section elementor-top-section elementor-element elementor-element-2185f86 elementor-section-boxed elementor-section-height-default elementor-section-height-default\" data-id=\"2185f86\" data-element_type=\"section\" data-e-type=\"section\">\n\t\t\t\t\t\t<div class=\"elementor-container elementor-column-gap-default\">\n\t\t\t\t\t<div class=\"elementor-column elementor-col-100 elementor-top-column elementor-element elementor-element-1786cdf\" data-id=\"1786cdf\" data-element_type=\"column\" data-e-type=\"column\">\n\t\t\t<div class=\"elementor-widget-wrap elementor-element-populated\">\n\t\t\t\t\t\t<div class=\"elementor-element elementor-element-adab619 elementor-widget elementor-widget-heading\" data-id=\"adab619\" data-element_type=\"widget\" data-e-type=\"widget\" data-widget_type=\"heading.default\">\n\t\t\t\t<div class=\"elementor-widget-container\">\n\t\t\t\t\t<h4 class=\"elementor-heading-title elementor-size-default\">Comment saisir le CEMACO<\/h4>\t\t\t\t<\/div>\n\t\t\t\t<\/div>\n\t\t\t\t<div class=\"elementor-element elementor-element-9bcc572 elementor-widget elementor-widget-text-editor\" data-id=\"9bcc572\" data-element_type=\"widget\" data-e-type=\"widget\" data-widget_type=\"text-editor.default\">\n\t\t\t\t<div class=\"elementor-widget-container\">\n\t\t\t\t\t\t\t\t\t<p>Une clause compromissoire dans vos contrats permet de d\u00e9clencher le processus.<\/p><p>Le CEMACO se tient \u00e0 votre disposition pour vous informer, vous guider, vous \u00e9clairer et vous aider dans l\u2019appropriation de ce nouvel outil<\/p>\t\t\t\t\t\t\t\t<\/div>\n\t\t\t\t<\/div>\n\t\t\t\t\t<\/div>\n\t\t<\/div>\n\t\t\t\t\t<\/div>\n\t\t<\/section>\n\t\t\t\t<section class=\"elementor-section elementor-top-section elementor-element elementor-element-5f59a96 elementor-section-boxed elementor-section-height-default elementor-section-height-default\" data-id=\"5f59a96\" data-element_type=\"section\" data-e-type=\"section\">\n\t\t\t\t\t\t<div class=\"elementor-container elementor-column-gap-default\">\n\t\t\t\t\t<div class=\"elementor-column elementor-col-50 elementor-top-column elementor-element elementor-element-0d29c57\" data-id=\"0d29c57\" data-element_type=\"column\" data-e-type=\"column\">\n\t\t\t<div class=\"elementor-widget-wrap elementor-element-populated\">\n\t\t\t\t\t\t<div class=\"elementor-element elementor-element-759ad17 elementor-widget elementor-widget-image\" data-id=\"759ad17\" data-element_type=\"widget\" data-e-type=\"widget\" data-widget_type=\"image.default\">\n\t\t\t\t<div class=\"elementor-widget-container\">\n\t\t\t\t\t\t\t\t\t\t\t\t\t\t\t<img decoding=\"async\" width=\"214\" height=\"118\" src=\"https:\/\/liziba.cg\/wp-content\/uploads\/2021\/07\/Cemaco_Brazza.png\" class=\"attachment-1536x1536 size-1536x1536 wp-image-41068\" alt=\"\" \/>\t\t\t\t\t\t\t\t\t\t\t\t\t\t\t<\/div>\n\t\t\t\t<\/div>\n\t\t\t\t<div class=\"elementor-element elementor-element-ee92183 elementor-widget elementor-widget-text-editor\" data-id=\"ee92183\" data-element_type=\"widget\" data-e-type=\"widget\" data-widget_type=\"text-editor.default\">\n\t\t\t\t<div class=\"elementor-widget-container\">\n\t\t\t\t\t\t\t\t\t<p><strong>CEMACO Brazzaville<\/strong><\/p><p>Chambre de Commerce, d&#8217;Industrie, de l&#8217;Artisanat et des M\u00e9tiers de Brazzaville.<\/p><p>Avenue Amilcar CABRAL,<\/p><p>Centre-Ville B.P: 92. Brazzaville R\u00e9publique du Congo<\/p><p style=\"text-align: left;\">(+242) 06 663 17 01.<\/p><p style=\"text-align: left;\"><a href=\"mailto:DG.cemaco.bzv@gmail.com\" target=\"_blank\" rel=\"noopener\">DG.cemaco.bzv@gmail.com<\/a><\/p>\t\t\t\t\t\t\t\t<\/div>\n\t\t\t\t<\/div>\n\t\t\t\t\t<\/div>\n\t\t<\/div>\n\t\t\t\t<div class=\"elementor-column elementor-col-50 elementor-top-column elementor-element elementor-element-21bdb75\" data-id=\"21bdb75\" data-element_type=\"column\" data-e-type=\"column\">\n\t\t\t<div class=\"elementor-widget-wrap elementor-element-populated\">\n\t\t\t\t\t\t<div class=\"elementor-element elementor-element-0593b3e elementor-widget elementor-widget-image\" data-id=\"0593b3e\" data-element_type=\"widget\" data-e-type=\"widget\" data-widget_type=\"image.default\">\n\t\t\t\t<div class=\"elementor-widget-container\">\n\t\t\t\t\t\t\t\t\t\t\t\t\t\t\t<img decoding=\"async\" width=\"150\" height=\"150\" src=\"https:\/\/liziba.cg\/wp-content\/uploads\/2021\/07\/Cemaco_Pointe-Noire-1-150x150.png\" class=\"attachment-thumbnail size-thumbnail wp-image-41058\" alt=\"\" srcset=\"https:\/\/liziba.cg\/wp-content\/uploads\/2021\/07\/Cemaco_Pointe-Noire-1-150x150.png 150w, https:\/\/liziba.cg\/wp-content\/uploads\/2021\/07\/Cemaco_Pointe-Noire-1-50x50.png 50w\" sizes=\"(max-width: 150px) 100vw, 150px\" \/>\t\t\t\t\t\t\t\t\t\t\t\t\t\t\t<\/div>\n\t\t\t\t<\/div>\n\t\t\t\t<div class=\"elementor-element elementor-element-a24f366 elementor-widget elementor-widget-text-editor\" data-id=\"a24f366\" data-element_type=\"widget\" data-e-type=\"widget\" data-widget_type=\"text-editor.default\">\n\t\t\t\t<div class=\"elementor-widget-container\">\n\t\t\t\t\t\t\t\t\t<p style=\"text-align: right;\"><strong>CEMACO Pointe-Noire<\/strong><\/p>\n<p style=\"text-align: right;\">15 Boulevard Charles de Gaulle Immeuble LINCOLN IMMOCO<\/p>\n<p style=\"text-align: right;\">BP&nbsp;: 665 Pointe-Noire, R\u00e9publique du Congo<\/p>\n<p style=\"text-align: right;\">(+242) 066511258 \/ 05 026 12 68<\/p>\n<p style=\"text-align: right;\"><a href=\"mailto:cemaco@cciampnr.com\">cemaco@cciampnr.com<\/a><\/p>\t\t\t\t\t\t\t\t<\/div>\n\t\t\t\t<\/div>\n\t\t\t\t\t<\/div>\n\t\t<\/div>\n\t\t\t\t\t<\/div>\n\t\t<\/section>\n\t\t\t\t<\/div>","protected":false},"excerpt":{"rendered":"<p>Institution de justice alternative aux fins de r\u00e8glement des diff\u00e9rends d\u2019affaires, cr\u00e9\u00e9e conform\u00e9ment au trait\u00e9 OHADA CENTRE DE MEDIATION ET D\u2019ARBITRAGE DU CONGO (CEMACO) Le CEMACO est une institution de [&hellip;]<\/p>\n","protected":false},"author":1659,"featured_media":0,"parent":0,"menu_order":0,"comment_status":"closed","ping_status":"closed","template":"templates\/page-without-sidebar.php","meta":{"_acf_changed":false,"footnotes":""},"class_list":["post-2561","page","type-page","status-publish","hentry"],"acf":[],"_links":{"self":[{"href":"https:\/\/liziba.cg\/en\/wp-json\/wp\/v2\/pages\/2561","targetHints":{"allow":["GET"]}}],"collection":[{"href":"https:\/\/liziba.cg\/en\/wp-json\/wp\/v2\/pages"}],"about":[{"href":"https:\/\/liziba.cg\/en\/wp-json\/wp\/v2\/types\/page"}],"author":[{"embeddable":true,"href":"https:\/\/liziba.cg\/en\/wp-json\/wp\/v2\/users\/1659"}],"replies":[{"embeddable":true,"href":"https:\/\/liziba.cg\/en\/wp-json\/wp\/v2\/comments?post=2561"}],"version-history":[{"count":0,"href":"https:\/\/liziba.cg\/en\/wp-json\/wp\/v2\/pages\/2561\/revisions"}],"wp:attachment":[{"href":"https:\/\/liziba.cg\/en\/wp-json\/wp\/v2\/media?parent=2561"}],"curies":[{"name":"wp","href":"https:\/\/api.w.org\/{rel}","templated":true}]}}