{"id":2430,"date":"2020-10-21T11:48:31","date_gmt":"2020-10-21T10:48:31","guid":{"rendered":"https:\/\/liziba.cg\/?page_id=2430"},"modified":"2022-06-02T15:58:00","modified_gmt":"2022-06-02T14:58:00","slug":"creation-dentreprise","status":"publish","type":"page","link":"https:\/\/liziba.cg\/en\/creation-dentreprise\/","title":{"rendered":"Cr\u00e9ation d&#8217;entreprise"},"content":{"rendered":"<div data-elementor-type=\"wp-page\" data-elementor-id=\"2430\" class=\"elementor elementor-2430\" data-elementor-post-type=\"page\">\n\t\t\t\t\t\t<section class=\"elementor-section elementor-top-section elementor-element elementor-element-d8282a7 elementor-section-full_width elementor-section-height-default elementor-section-height-default\" data-id=\"d8282a7\" data-element_type=\"section\" data-e-type=\"section\">\n\t\t\t\t\t\t<div class=\"elementor-container elementor-column-gap-default\">\n\t\t\t\t\t<div class=\"elementor-column elementor-col-100 elementor-top-column elementor-element elementor-element-09760ca\" data-id=\"09760ca\" data-element_type=\"column\" data-e-type=\"column\">\n\t\t\t<div class=\"elementor-widget-wrap elementor-element-populated\">\n\t\t\t\t\t\t<div class=\"elementor-element elementor-element-f362774 elementor-cta--skin-cover elementor-animated-content elementor-bg-transform elementor-bg-transform-zoom-in elementor-widget elementor-widget-call-to-action\" data-id=\"f362774\" data-element_type=\"widget\" data-e-type=\"widget\" data-widget_type=\"call-to-action.default\">\n\t\t\t\t<div class=\"elementor-widget-container\">\n\t\t\t\t\t\t\t<div class=\"elementor-cta\">\n\t\t\t\t\t<div class=\"elementor-cta__bg-wrapper\">\n\t\t\t\t<div class=\"elementor-cta__bg elementor-bg\" style=\"background-image: url(https:\/\/liziba.cg\/wp-content\/uploads\/2020\/10\/conception-projet-1080x574-1-1024x544.jpg);\" role=\"img\" aria-label=\"conception-projet-1080x574\"><\/div>\n\t\t\t\t<div class=\"elementor-cta__bg-overlay\"><\/div>\n\t\t\t<\/div>\n\t\t\t\t\t\t\t<div class=\"elementor-cta__content\">\n\t\t\t\t\n\t\t\t\t\n\t\t\t\t\t\t\t\t\t<div class=\"elementor-cta__description elementor-cta__content-item elementor-content-item elementor-animated-item--grow\">\n\t\t\t\t\t\tComment monter son entreprise\t\t\t\t\t<\/div>\n\t\t\t\t\n\t\t\t\t\t\t\t<\/div>\n\t\t\t\t\t\t<\/div>\n\t\t\t\t\t\t<\/div>\n\t\t\t\t<\/div>\n\t\t\t\t\t<\/div>\n\t\t<\/div>\n\t\t\t\t\t<\/div>\n\t\t<\/section>\n\t\t\t\t<section class=\"elementor-section elementor-top-section elementor-element elementor-element-fca127d elementor-section-boxed elementor-section-height-default elementor-section-height-default\" data-id=\"fca127d\" data-element_type=\"section\" data-e-type=\"section\">\n\t\t\t\t\t\t<div class=\"elementor-container elementor-column-gap-default\">\n\t\t\t\t\t<div class=\"elementor-column elementor-col-100 elementor-top-column elementor-element elementor-element-d6dcbab\" data-id=\"d6dcbab\" data-element_type=\"column\" data-e-type=\"column\">\n\t\t\t<div class=\"elementor-widget-wrap elementor-element-populated\">\n\t\t\t\t\t\t<div class=\"elementor-element elementor-element-e52ea49 elementor-widget elementor-widget-heading\" data-id=\"e52ea49\" data-element_type=\"widget\" data-e-type=\"widget\" data-widget_type=\"heading.default\">\n\t\t\t\t<div class=\"elementor-widget-container\">\n\t\t\t\t\t<h2 class=\"elementor-heading-title elementor-size-default\">COMMENT CREER SON ENTREPRISE <\/h2>\t\t\t\t<\/div>\n\t\t\t\t<\/div>\n\t\t\t\t\t<\/div>\n\t\t<\/div>\n\t\t\t\t\t<\/div>\n\t\t<\/section>\n\t\t\t\t<section class=\"elementor-section elementor-top-section elementor-element elementor-element-2708569f elementor-section-boxed elementor-section-height-default elementor-section-height-default\" data-id=\"2708569f\" data-element_type=\"section\" data-e-type=\"section\">\n\t\t\t\t\t\t<div class=\"elementor-container elementor-column-gap-default\">\n\t\t\t\t\t<div class=\"elementor-column elementor-col-100 elementor-top-column elementor-element elementor-element-5fa69eaf\" data-id=\"5fa69eaf\" data-element_type=\"column\" data-e-type=\"column\">\n\t\t\t<div class=\"elementor-widget-wrap elementor-element-populated\">\n\t\t\t\t\t\t<div class=\"elementor-element elementor-element-671fa142 elementor-widget elementor-widget-text-editor\" data-id=\"671fa142\" data-element_type=\"widget\" data-e-type=\"widget\" data-widget_type=\"text-editor.default\">\n\t\t\t\t<div class=\"elementor-widget-container\">\n\t\t\t\t\t\t\t\t\t<h5 style=\"text-align: left;\"><strong>Formalit\u00e9s de cr\u00e9ation<\/strong><\/h5>\n<p style=\"text-align: left;\">Les formalit\u00e9s de cr\u00e9ation \u00e0 accomplir d\u00e9pendent du statut juridique de votre entreprise. Elles sont effectu\u00e9es \u00e0 l\u2019Agence, congolaise pour la cr\u00e9ation d\u2019entreprise (ACPCE)\u00a0<\/p>\n<p style=\"text-align: left;\"><strong><u>PROCEDURE DE CREATION<\/u><\/strong><\/p>\n<p style=\"text-align: left;\"><strong>DECLARATION D\u2019ACTIVITES POUR PERSONNES PHYSIQUES <\/strong><\/p>\n<p style=\"text-align: left;\"><strong>Pi\u00e8ces \u00e0 fournir au guichet unique\u00a0:<\/strong><\/p>\n<ul style=\"text-align: left;\">\n<li>Quatre (04) copies de la carte nationale d\u2019identit\u00e9, passeport ou tout document administratif justifiant l\u2019identit\u00e9 (dont une copie en couleur)\u00a0;<\/li>\n<li>Un (01) extrait de casier judiciaire (original et photocopie) ou tout autre document en tenant lieu\u00a0;<\/li>\n<li>Deux (02) copies de la carte de r\u00e9sident avec visa long s\u00e9jour pour les \u00e9trangers (copie couleur)<\/li>\n<li>Deux (02) copies de titre de propri\u00e9t\u00e9 ou contrat de bail enregistr\u00e9 aux imp\u00f4ts (copie couleur)\u00a0;<\/li>\n<li>En cas d\u2019acquisition d\u2019un fonds de commerce ou de location-g\u00e9rance, quatre (04) photocopies de l\u2019acte d\u2019acquisition ou de location-g\u00e9rance\u00a0;<\/li>\n<li>Deux (02) photos de format d\u2019identit\u00e9\u00a0;<\/li>\n<li>Deux (02) copies d\u2019acte de mariage (le cas \u00e9ch\u00e9ant)\u00a0;<\/li>\n<\/ul>\n<p style=\"text-align: left;\"><strong>DECLARATION D\u2019ACTIVITES POUR PERSONNES MORALES<\/strong><\/p>\n<ul style=\"text-align: left;\">\n<li>Soci\u00e9t\u00e9s de personnes (SARL\u00a0; SARLU\u00a0; SNC\u00a0; SCS\u00a0; SP\u00a0; SCOOP\u00a0; SCI)<\/li>\n<li>I.E (Groupement d\u2019Int\u00e9r\u00eat Economique)<\/li>\n<li>Soci\u00e9t\u00e9 de capitaux (S.A.\u00a0; SAU\u00a0; SAS\u00a0; SASU)<\/li>\n<\/ul>\n<p style=\"text-align: left;\"><strong>Pi\u00e8ces \u00e0 fournir au guichet unique\u00a0:<\/strong><\/p>\n<ul style=\"text-align: left;\">\n<li>Quatre (04) copies de la carte nationale d\u2019identit\u00e9, passeport ou tout document administratif justifiant l\u2019identit\u00e9 du g\u00e9rant (une copie couleur)\u00a0;<\/li>\n<li>Quatre (04) copies de la carte de r\u00e9sident ou du visa long s\u00e9jour pour les \u00e9trangers (une copie en couleur)\u00a0:<\/li>\n<li>Quatre (04) copies certifi\u00e9s conforme des statuts notari\u00e9s (les SARL et SARLU peuvent pr\u00e9senter des statuts sous-seing priv\u00e9)\u00a0;<\/li>\n<li>Deux (02) copies de titre de propri\u00e9t\u00e9 ou contrat de bail enregistr\u00e9 aux imp\u00f4ts (copies couleur)<\/li>\n<li>Un (01) extrait de casier judiciaire du g\u00e9ant (original et photocopie) ou d\u00e9claration sur l\u2019honneur\u00a0;<\/li>\n<li>Quatre (04) exemplaires de la d\u00e9claration de r\u00e9gularit\u00e9 et de conformit\u00e9, ou de la d\u00e9claration\u00a0notari\u00e9e de souscription et de versement du capital\u00a0;<\/li>\n<li>Quatre (04) exemplaires du proc\u00e8s -verbal de l\u2019assembl\u00e9e g\u00e9n\u00e9rale constitutif (pour les soci\u00e9t\u00e9s de capitaux)\u00a0;<\/li>\n<li>Une copie (01) de tout document administratif justifiant l\u2019identit\u00e9 des associ\u00e9s (le cas \u00e9ch\u00e9ant)\u00a0;<\/li>\n<li>Deux (02) photos de format d\u2019identit\u00e9\u00a0;<\/li>\n<li>Deux (02) copies d\u2019acte de mariage (le cas \u00e9ch\u00e9ant)<\/li>\n<\/ul>\n<p style=\"text-align: left;\"><strong>Pi\u00e8ces \u00e0 fournir au guichet unique pour NIU<\/strong><\/p>\n<ul style=\"text-align: left;\">\n<li>Une (01) copies de la carte nationale d\u2019identit\u00e9\u00a0;<\/li>\n<li>Un acte de naissance (original et photocopie)\u00a0;<\/li>\n<li>Un passeport en cours de validit\u00e9 (pour les \u00e9trangers)\u00a0;<\/li>\n<li>Une carte de r\u00e9sident ou visa en cours de validit\u00e9 (pour les \u00e9trangers)\u00a0;<\/li>\n<li>Un justificatif de domicile actuel (facture d\u2019\u00e9lectricit\u00e9 ou d\u2019eau ou une attestation de domiciliation)\u00a0;<\/li>\n<li>Un ancien NIU (original et photocopie) (le cas \u00e9ch\u00e9ant) ;<\/li>\n<li>Un acte de naissance des enfants ou certificat de vie (originaux et photocopie) (l\u2019\u00e9ch\u00e9ant)\u00a0;<\/li>\n<li>Trois (03) copies d\u2019acte de mariage (le cas \u00e9ch\u00e9ant)\u00a0;<\/li>\n<li>Une photocopie NIU des parents (le cas \u00e9ch\u00e9ant)\u00a0;<\/li>\n<li>Une photocopie NIU des enfants (le cas \u00e9ch\u00e9ant)\u00a0;<\/li>\n<\/ul>\n<p style=\"text-align: left;\"><strong><u>TARIFICATION<\/u><\/strong><\/p>\n<ul style=\"text-align: left;\">\n<li>E.I (entreprise Individuelle) : 100.000 FCFA<\/li>\n<li>A.R.L\u00a0; S.A.R.L.U ; SNC\u00a0; SCS\u00a0; S.P\u00a0; GIE ; SCI\u00a0; SCOOP\u00a0: 300.000 FCFA<\/li>\n<li>A\u00a0; SAU\u00a0; SASU\u00a0: 500.000 FCFA<\/li>\n<\/ul>\n<p style=\"text-align: left;\">N.B\u00a0: Pour les professions et activit\u00e9s r\u00e9glement\u00e9es, il peut vous \u00eatre exig\u00e9 d\u2019autres pi\u00e8ces que celles list\u00e9es.<\/p>\n<p style=\"text-align: left;\"><strong><u>CONTACTS <\/u><\/strong><\/p>\n<ul style=\"text-align: left;\">\n<li>Guichet unique de Brazzaville : avenue Cardinal Emile BIAYENDA ex Fach B.P 2103 Tel\u00a0: ( 242) 05\u00a0531 88\/ Mobile money\u00a0: 06\u00a0441\u00a089 22<\/li>\n<li>Guichet unique de Pointe-Noire\u00a0: avenue Simon KIMBANGOU croisement MOE KATT MATOU (Immeuble ex WARID) B.P\u00a0: 1137 Tel\u00a0: (242) 06\u00a0972 84 44 \/ mobile money\u00a0: 06\u00a0441 89 22<\/li>\n<li>Guichet unique de Dolisie\u00a0: avenue de la r\u00e9publique (face de la BGFI bank) Tel\u00a0: (242) 05\u00a0537 76 93\/mobile money\u00a0: 06\u00a0441 80 68<\/li>\n<li>Guichet unique de Nkayi\u00a0: 20, rue du Niari \u2013 face immeuble ARC Tel\u00a0: (242) 06\u00a0796 60 50\/ mobile money\u00a0: 04\u00a0441 89 94<\/li>\n<li>Guichet unique d\u2019Owando\u00a0: avenue des h\u00f4pitaux \u00e0 c\u00f4t\u00e9 du CSI 2-Owando Tel\u00a0: (242) 06\u00a0634 14 86\/ mobile money\u00a0: 06\u00a0441 89 94<\/li>\n<li>Guichet unique de Ouesso\u00a0: quartier administratif face Direction des imp\u00f4ts Tel\u00a0: (242) 06\u00a0667 97 47\/ mobile money\u00a0: 06\u00a0441 89 51<\/li>\n<\/ul>\n<p style=\"text-align: left;\">Du fait de leur sp\u00e9cificit\u00e9, certaines activit\u00e9s sont assujetties \u00e0 l\u2019obtention d&#8217;agr\u00e9ments\u00a0:\u00a0<\/p>\n<p style=\"text-align: left;\"><span style=\"color: var( --e-global-color-text ); font-family: var( --e-global-typography-text-font-family ), Sans-serif; font-weight: var( --e-global-typography-text-font-weight ); font-size: 1rem;\">Tourisme , BTP, P\u00eache, Parap\u00e9trolier, Microfinance, Banque, Industrie, Profession maritime et auxiliaire de transport, Formation professionnelle, Evaluations environnementales, Prestations de services des gens de mer, For\u00eat et bois, Fr\u00e9quences et exploitation de services priv\u00e9s de radiodiffusion sonore et de t\u00e9l\u00e9vision.<\/span><\/p>\n<ol style=\"text-align: left;\">\n<li><strong>Autres formalit\u00e9s<\/strong>\u00a0:<\/li>\n<\/ol>\n<ul>\n<li style=\"text-align: left;\"><a href=\"https:\/\/liziba.cg\/wp-content\/uploads\/2021\/05\/Procedure-dimmatriculation-a-la-CNSS.pdf\" target=\"_blank\" rel=\"noopener\">A la CNSS ;<\/a><\/li>\n<li style=\"text-align: left;\"><a href=\"http:\/\/www.acpe.cg\/\" target=\"_blank\" rel=\"noopener\">A l\u2019agence congolaise pour l\u2019emploi (ACPE)\u00a0;<\/a><\/li>\n<li style=\"text-align: left;\"><a href=\"https:\/\/liziba.cg\/wp-content\/uploads\/2020\/10\/FICHE-DE-RENSEIGNEMENT-CCIAM.docx\" target=\"_blank\" rel=\"noopener\">A la chambre de commerce, d\u2019industrie, d\u2019agriculture et des m\u00e9tiers\u00a0;<\/a><\/li>\n<li style=\"text-align: left;\"><a href=\"https:\/\/liziba.cg\/wp-content\/uploads\/2021\/05\/LISTE-DES-BANQUE.pdf\">Au niveau des banques\u00a0;<\/a><\/li>\n<li style=\"text-align: left;\"><a href=\"https:\/\/liziba.cg\/wp-content\/uploads\/2020\/12\/Inspection-du-travail.pdf\" target=\"_blank\" rel=\"noopener\">A l\u2019inspection du travail.<\/a><\/li>\n<\/ul>\n<p><\/p>\t\t\t\t\t\t\t\t<\/div>\n\t\t\t\t<\/div>\n\t\t\t\t\t<\/div>\n\t\t<\/div>\n\t\t\t\t\t<\/div>\n\t\t<\/section>\n\t\t\t\t<\/div>","protected":false},"excerpt":{"rendered":"<p>Comment monter son entreprise COMMENT CREER SON ENTREPRISE Formalit\u00e9s de cr\u00e9ation Les formalit\u00e9s de cr\u00e9ation \u00e0 accomplir d\u00e9pendent du statut juridique de votre entreprise. Elles sont effectu\u00e9es \u00e0 l\u2019Agence, congolaise [&hellip;]<\/p>\n","protected":false},"author":1659,"featured_media":0,"parent":0,"menu_order":0,"comment_status":"closed","ping_status":"closed","template":"templates\/page-without-sidebar.php","meta":{"_acf_changed":false,"footnotes":""},"class_list":["post-2430","page","type-page","status-publish","hentry"],"acf":[],"_links":{"self":[{"href":"https:\/\/liziba.cg\/en\/wp-json\/wp\/v2\/pages\/2430","targetHints":{"allow":["GET"]}}],"collection":[{"href":"https:\/\/liziba.cg\/en\/wp-json\/wp\/v2\/pages"}],"about":[{"href":"https:\/\/liziba.cg\/en\/wp-json\/wp\/v2\/types\/page"}],"author":[{"embeddable":true,"href":"https:\/\/liziba.cg\/en\/wp-json\/wp\/v2\/users\/1659"}],"replies":[{"embeddable":true,"href":"https:\/\/liziba.cg\/en\/wp-json\/wp\/v2\/comments?post=2430"}],"version-history":[{"count":0,"href":"https:\/\/liziba.cg\/en\/wp-json\/wp\/v2\/pages\/2430\/revisions"}],"wp:attachment":[{"href":"https:\/\/liziba.cg\/en\/wp-json\/wp\/v2\/media?parent=2430"}],"curies":[{"name":"wp","href":"https:\/\/api.w.org\/{rel}","templated":true}]}}