{"id":2370,"date":"2020-10-21T00:14:55","date_gmt":"2020-10-20T23:14:55","guid":{"rendered":"https:\/\/liziba.cg\/?page_id=2370"},"modified":"2021-12-07T10:38:45","modified_gmt":"2021-12-07T09:38:45","slug":"developpement-territorial-ecosysteme-daffaires","status":"publish","type":"page","link":"https:\/\/liziba.cg\/en\/developpement-territorial-ecosysteme-daffaires\/","title":{"rendered":"Territorial Development &amp; Business Ecosystem"},"content":{"rendered":"<div data-elementor-type=\"wp-page\" data-elementor-id=\"2370\" class=\"elementor elementor-2370\" data-elementor-post-type=\"page\">\n\t\t\t\t\t\t<section class=\"elementor-section elementor-top-section elementor-element elementor-element-a207282 elementor-section-full_width elementor-section-height-default elementor-section-height-default\" data-id=\"a207282\" data-element_type=\"section\" data-e-type=\"section\">\n\t\t\t\t\t\t<div class=\"elementor-container elementor-column-gap-default\">\n\t\t\t\t\t<div class=\"elementor-column elementor-col-100 elementor-top-column elementor-element elementor-element-1ab893a\" data-id=\"1ab893a\" data-element_type=\"column\" data-e-type=\"column\">\n\t\t\t<div class=\"elementor-widget-wrap elementor-element-populated\">\n\t\t\t\t\t\t<div class=\"elementor-element elementor-element-b5f3aeb elementor-cta--skin-cover elementor-animated-content elementor-bg-transform elementor-bg-transform-zoom-in elementor-widget elementor-widget-call-to-action\" data-id=\"b5f3aeb\" data-element_type=\"widget\" data-e-type=\"widget\" data-widget_type=\"call-to-action.default\">\n\t\t\t\t<div class=\"elementor-widget-container\">\n\t\t\t\t\t\t\t<div class=\"elementor-cta\">\n\t\t\t\t\t<div class=\"elementor-cta__bg-wrapper\">\n\t\t\t\t<div class=\"elementor-cta__bg elementor-bg\" style=\"background-image: url(https:\/\/liziba.cg\/wp-content\/uploads\/2020\/10\/index.jpeg);\" role=\"img\" aria-label=\"index\"><\/div>\n\t\t\t\t<div class=\"elementor-cta__bg-overlay\"><\/div>\n\t\t\t<\/div>\n\t\t\t\t\t\t\t<div class=\"elementor-cta__content\">\n\t\t\t\t\n\t\t\t\t\n\t\t\t\t\t\t\t\t\t<div class=\"elementor-cta__description elementor-cta__content-item elementor-content-item elementor-animated-item--grow\">\n\t\t\t\t\t\tThe departmental councils play the role of economic developer at the territorial level. As such, competencies have been transferred to them.\t\t\t\t\t<\/div>\n\t\t\t\t\n\t\t\t\t\t\t\t<\/div>\n\t\t\t\t\t\t<\/div>\n\t\t\t\t\t\t<\/div>\n\t\t\t\t<\/div>\n\t\t\t\t\t<\/div>\n\t\t<\/div>\n\t\t\t\t\t<\/div>\n\t\t<\/section>\n\t\t\t\t<section class=\"elementor-section elementor-top-section elementor-element elementor-element-67fb539 elementor-section-boxed elementor-section-height-default elementor-section-height-default\" data-id=\"67fb539\" data-element_type=\"section\" data-e-type=\"section\">\n\t\t\t\t\t\t<div class=\"elementor-container elementor-column-gap-default\">\n\t\t\t\t\t<div class=\"elementor-column elementor-col-100 elementor-top-column elementor-element elementor-element-5d2249c\" data-id=\"5d2249c\" data-element_type=\"column\" data-e-type=\"column\">\n\t\t\t<div class=\"elementor-widget-wrap elementor-element-populated\">\n\t\t\t\t\t\t<div class=\"elementor-element elementor-element-2dc0d13 elementor-widget elementor-widget-html\" data-id=\"2dc0d13\" data-element_type=\"widget\" data-e-type=\"widget\" data-widget_type=\"html.default\">\n\t\t\t\t<div class=\"elementor-widget-container\">\n\t\t\t\t\t<div class=\"wptb-container-legacy\" data-table-id=\"2376\">\n    <table class=\"wptb-preview-table wptb-element-main-table_setting-2349\" style=\"border: 3px solid rgb(150, 102, 30);\" data-reconstraction=\"1\" data-wptb-table-tds-sum-max-width=\"267\" data-wptb-cells-width-auto-count=\"2\" role=\"table\" data-wptb-header-background-color=\"#DD9933\" data-wptb-even-row-background-color=\"#FFFFFF\" data-wptb-odd-row-background-color=\"\" data-table-columns=\"2\"><tbody><tr class=\"wptb-row\" style=\"background-color: rgb(221, 153, 51);\" data-wptb-bg-color=\"\"><td class=\"wptb-cell\" data-y-index=\"0\" data-x-index=\"0\" style=\"border-width: 1px; border-color: rgb(150, 102, 30); border-style: solid;\" data-wptb-css-td-auto-width=\"true\" colspan=\"1\" rowspan=\"1\"><div class=\"wptb-text-container wptb-ph-element wptb-element-text-2\" style=\"color: rgb(255, 255, 255); font-size: 17px;\"><div class=\"\" style=\"position: relative;\"><p style=\"text-align: center;\" class=\"\"><strong>Comp\u00e9tences transf\u00e9r\u00e9es aux d\u00e9partements<\/strong><\/p><\/div><\/div><\/td><td class=\"wptb-cell\" style=\"border-width: 1px; border-color: rgb(150, 102, 30); border-style: solid;\" data-x-index=\"1\" data-y-index=\"0\" data-wptb-css-td-auto-width=\"true\" rowspan=\"1\" colspan=\"1\"><div class=\"wptb-text-container wptb-ph-element wptb-element-text-21\" style=\"color: rgb(255, 255, 255); font-size: 17px;\"><div class=\"\" style=\"position: relative;\"><p style=\"text-align: center;\" class=\"\"><strong>Comp\u00e9tences transf\u00e9r\u00e9es&nbsp; aux collectivit\u00e9s locales<\/strong><\/p><\/div><\/div><\/td><\/tr><tr class=\"wptb-row\" style=\"background-color: rgb(255, 255, 255);\" data-wptb-bg-color=\"\"><td class=\"wptb-cell\" data-y-index=\"1\" data-x-index=\"0\" style=\"border-width: 1px; border-color: rgb(150, 102, 30); border-style: solid;\" data-wptb-css-td-auto-width=\"true\"><div class=\"wptb-list-container wptb-ph-element wptb-element-list-2\"><ul>            <li class=\"wptb-in-element\">                <div class=\"wptb-list-item-content\" style=\"position: relative;\"><p data-list-style-type-index=\"1.\" class=\"wptb-list-style-type-disc\" style=\"text-align: justify;\">Elaborer&nbsp; le&nbsp; plan&nbsp; national&nbsp; de d\u00e9veloppement &nbsp; \u00e9conomique, &nbsp; social &nbsp; et &nbsp; culturel, &nbsp; en &nbsp; harmonisant &nbsp; leur &nbsp; plan &nbsp; de d\u00e9veloppement &nbsp; en &nbsp; relation &nbsp; avec &nbsp; les &nbsp; priorit\u00e9s &nbsp; de &nbsp; toutes &nbsp; les &nbsp; circonscriptions administratives.<\/p><\/div>            <\/li>            <li class=\"wptb-in-element\">                <div class=\"wptb-list-item-content\" style=\"position: relative;\"><p data-list-style-type-index=\"2.\" class=\"wptb-list-style-type-disc\" style=\"text-align: justify;\">Promouvoir le d\u00e9veloppement dans tous les secteurs d\u2019activit\u00e9s:<\/p><\/div>            <\/li>            <li class=\"wptb-in-element\">                <div class=\"wptb-list-item-content\" style=\"position: relative;\"><p data-list-style-type-index=\"3.\" class=\"wptb-list-style-type-disc\" style=\"text-align: left;\">Participer \u00e0 l\u2019am\u00e9nagement du territoire ;<\/p><\/div>            <\/li><li class=\"wptb-in-element\">                <div class=\"wptb-list-item-content\" style=\"position: relative;\"><p data-list-style-type-index=\"4.\" class=\"wptb-list-style-type-disc\" style=\"text-align: justify;\">Promouvoir le d\u00e9veloppement&nbsp; \u00e9conomique&nbsp; par&nbsp; des&nbsp; aides&nbsp; directes&nbsp; et indirectes ;<\/p><\/div>            <\/li><li class=\"wptb-in-element\">                <div class=\"wptb-list-item-content\" style=\"position: relative;\"><p data-list-style-type-index=\"5.\" class=\"wptb-list-style-type-disc\" style=\"text-align: justify;\">Prot\u00e9ger les int\u00e9r\u00eats \u00e9conomiques et sociaux de la population ;<\/p><\/div>            <\/li><li class=\"wptb-in-element\">                <div class=\"wptb-list-item-content\" style=\"position: relative;\"><p data-list-style-type-index=\"6.\" class=\"wptb-list-style-type-disc\" style=\"text-align: justify;\">Satisfaire les besoins de la population en milieu rural, en particulier par le maintien des services n\u00e9cessaires.<\/p><\/div>            <\/li>        <\/ul><\/div><\/td><td class=\"wptb-cell\" style=\"border-width: 1px; border-color: rgb(150, 102, 30); border-style: solid;\" data-x-index=\"1\" data-y-index=\"1\" data-wptb-css-td-auto-width=\"true\"><div class=\"wptb-list-container wptb-ph-element wptb-element-list-1 edit-active\"><ul>            <li class=\"wptb-in-element\">                <div class=\"wptb-list-item-content\" style=\"position: relative;\"><p data-list-style-type-index=\"1.\" class=\"wptb-list-style-type-disc\" style=\"text-align: left;\">Planifier, d\u00e9velopper et am\u00e9nager le territoire ;<\/p><\/div>            <\/li><li class=\"wptb-in-element\">                <div class=\"wptb-list-item-content\" style=\"position: relative;\"><p data-list-style-type-index=\"2.\" class=\"wptb-list-style-type-disc\" style=\"text-align: left;\">Urban planning and housing ;<br><\/p><\/div>            <\/li><li class=\"wptb-in-element\">                <div class=\"wptb-list-item-content\" style=\"position: relative;\"><p data-list-style-type-index=\"3.\" class=\"wptb-list-style-type-disc\" style=\"text-align: left;\">Public Education;<\/p><\/div>            <\/li><li class=\"wptb-in-element\">                <div class=\"wptb-list-item-content\" style=\"position: relative;\"><p data-list-style-type-index=\"4.\" class=\"wptb-list-style-type-disc\" style=\"text-align: left;\">Sant\u00e9, action sociale et protection civile ;<\/p><\/div>            <\/li><li class=\"wptb-in-element\">                <div class=\"wptb-list-item-content\" style=\"position: relative;\"><p data-list-style-type-index=\"5.\" class=\"wptb-list-style-type-disc\" style=\"text-align: left;\">Environment, tourism and leisure ;<\/p><\/div>            <\/li><li class=\"wptb-in-element\">                <div class=\"wptb-list-item-content\" style=\"position: relative;\"><p data-list-style-type-index=\"6.\" class=\"wptb-list-style-type-disc\" style=\"text-align: left;\">Sports and cultural action ;<\/p><\/div>            <\/li><li class=\"wptb-in-element\">                <div class=\"wptb-list-item-content\" style=\"position: relative;\"><p data-list-style-type-index=\"7.\" class=\"wptb-list-style-type-disc\" style=\"text-align: left;\">Eaux, for\u00eats et chasse ;<\/p><\/div>            <\/li><li class=\"wptb-in-element\">                <div class=\"wptb-list-item-content\" style=\"position: relative;\"><p data-list-style-type-index=\"8.\" class=\"wptb-list-style-type-disc\" style=\"text-align: left;\">Agriculture, \u00e9levage et p\u00eache ;<\/p><\/div>            <\/li><li class=\"wptb-in-element\">                <div class=\"wptb-list-item-content\" style=\"position: relative;\"><p data-list-style-type-index=\"9.\" class=\"wptb-list-style-type-disc\" style=\"text-align: left;\">Employment;<br><\/p><\/div>            <\/li><li class=\"wptb-in-element\">                <div class=\"wptb-list-item-content\" style=\"position: relative;\"><p data-list-style-type-index=\"10.\" class=\"wptb-list-style-type-disc\" style=\"text-align: left;\">Administration and Finance;<\/p><\/div>            <\/li>            <li class=\"wptb-in-element\">                <div class=\"wptb-list-item-content\" style=\"position: relative;\"><p data-list-style-type-index=\"11.\" class=\"wptb-list-style-type-disc\" style=\"text-align: left;\">Trade and crafts;<\/p><\/div>            <\/li><li class=\"wptb-in-element\">                <div class=\"wptb-list-item-content\" style=\"position: relative;\"><p data-list-style-type-index=\"12.\" class=\"wptb-list-style-type-disc\" style=\"text-align: left;\">Public Works and Transportation ;<\/p><p data-list-style-type-index=\"13.\" class=\"wptb-list-style-type-disc\" style=\"text-align: left;\">Mines, \u00e9nergie et hydraulique ;Emploi.<\/p><\/div>            <\/li><li class=\"wptb-in-element\">                <div class=\"wptb-list-item-content\" style=\"position: relative;\"><p data-list-style-type-index=\"14.\" class=\"wptb-list-style-type-disc\" style=\"text-align: left;\">Public Works and Transportation ;<\/p><p data-list-style-type-index=\"15.\" class=\"wptb-list-style-type-disc\" style=\"text-align: left;\">Mines, \u00e9nergie et hydraulique .<br><br><\/p><\/div>            <\/li>                    <\/ul><\/div><\/td><\/tr><\/tbody><\/table>\n<\/div>\n\t\t\t\t<\/div>\n\t\t\t\t<\/div>\n\t\t\t\t<div class=\"elementor-element elementor-element-81599ec elementor-widget elementor-widget-text-editor\" data-id=\"81599ec\" data-element_type=\"widget\" data-e-type=\"widget\" data-widget_type=\"text-editor.default\">\n\t\t\t\t<div class=\"elementor-widget-container\">\n\t\t\t\t\t\t\t\t\t<p><b>Source<\/b>\u00a0: <a href=\"https:\/\/liziba.cg\/wp-content\/uploads\/2021\/04\/Loi-n\u00b010-2003-du-6-fevrier-2003-portant-transfert-de-competences-aux-collectivites-locales.pdf\" target=\"_blank\" rel=\"noopener\">Loi n\u00b010-2003 du 6 f\u00e9vrier 2003 portant transfert de comp\u00e9tences aux collectivit\u00e9s locales (French)<\/a><\/p><div>\u00a0<\/div><div>\u00a0<\/div>\t\t\t\t\t\t\t\t<\/div>\n\t\t\t\t<\/div>\n\t\t\t\t\t<\/div>\n\t\t<\/div>\n\t\t\t\t\t<\/div>\n\t\t<\/section>\n\t\t\t\t<section class=\"elementor-section elementor-top-section elementor-element elementor-element-67131f8 elementor-section-boxed elementor-section-height-default elementor-section-height-default\" data-id=\"67131f8\" data-element_type=\"section\" data-e-type=\"section\">\n\t\t\t\t\t\t<div class=\"elementor-container elementor-column-gap-default\">\n\t\t\t\t\t<div class=\"elementor-column elementor-col-100 elementor-top-column elementor-element elementor-element-54a3be3\" data-id=\"54a3be3\" data-element_type=\"column\" data-e-type=\"column\">\n\t\t\t<div class=\"elementor-widget-wrap\">\n\t\t\t\t\t\t\t<\/div>\n\t\t<\/div>\n\t\t\t\t\t<\/div>\n\t\t<\/section>\n\t\t\t\t<\/div>","protected":false},"excerpt":{"rendered":"<p>Les conseils d\u00e9partementaux jouent le r\u00f4le de d\u00e9veloppeur de l\u2019\u00e9conomie au niveau des territoires. A ce titre, des comp\u00e9tences leurs sont transf\u00e9r\u00e9es. Source\u00a0: Loi n\u00b010-2003 du 6 f\u00e9vrier 2003 portant [&hellip;]<\/p>\n","protected":false},"author":1659,"featured_media":0,"parent":0,"menu_order":0,"comment_status":"closed","ping_status":"closed","template":"templates\/page-without-sidebar.php","meta":{"_acf_changed":false,"footnotes":""},"class_list":["post-2370","page","type-page","status-publish","hentry"],"acf":[],"_links":{"self":[{"href":"https:\/\/liziba.cg\/en\/wp-json\/wp\/v2\/pages\/2370","targetHints":{"allow":["GET"]}}],"collection":[{"href":"https:\/\/liziba.cg\/en\/wp-json\/wp\/v2\/pages"}],"about":[{"href":"https:\/\/liziba.cg\/en\/wp-json\/wp\/v2\/types\/page"}],"author":[{"embeddable":true,"href":"https:\/\/liziba.cg\/en\/wp-json\/wp\/v2\/users\/1659"}],"replies":[{"embeddable":true,"href":"https:\/\/liziba.cg\/en\/wp-json\/wp\/v2\/comments?post=2370"}],"version-history":[{"count":0,"href":"https:\/\/liziba.cg\/en\/wp-json\/wp\/v2\/pages\/2370\/revisions"}],"wp:attachment":[{"href":"https:\/\/liziba.cg\/en\/wp-json\/wp\/v2\/media?parent=2370"}],"curies":[{"name":"wp","href":"https:\/\/api.w.org\/{rel}","templated":true}]}}