{"id":2365,"date":"2020-10-20T23:47:12","date_gmt":"2020-10-20T22:47:12","guid":{"rendered":"https:\/\/liziba.cg\/?page_id=2365"},"modified":"2025-10-31T09:51:11","modified_gmt":"2025-10-31T08:51:11","slug":"qui-sommes-nous","status":"publish","type":"page","link":"https:\/\/liziba.cg\/en\/qui-sommes-nous\/","title":{"rendered":"About us"},"content":{"rendered":"<div data-elementor-type=\"wp-page\" data-elementor-id=\"2365\" class=\"elementor elementor-2365\" data-elementor-post-type=\"page\">\n\t\t\t\t\t\t<section class=\"elementor-section elementor-top-section elementor-element elementor-element-fde8815 elementor-section-full_width elementor-section-height-default elementor-section-height-default\" data-id=\"fde8815\" data-element_type=\"section\" data-e-type=\"section\">\n\t\t\t\t\t\t<div class=\"elementor-container elementor-column-gap-default\">\n\t\t\t\t\t<div class=\"elementor-column elementor-col-100 elementor-top-column elementor-element elementor-element-51d2c93\" data-id=\"51d2c93\" data-element_type=\"column\" data-e-type=\"column\">\n\t\t\t<div class=\"elementor-widget-wrap elementor-element-populated\">\n\t\t\t\t\t\t<div class=\"elementor-element elementor-element-d86325a elementor-cta--skin-cover elementor-animated-content elementor-bg-transform elementor-bg-transform-zoom-in elementor-widget elementor-widget-call-to-action\" data-id=\"d86325a\" data-element_type=\"widget\" data-e-type=\"widget\" data-widget_type=\"call-to-action.default\">\n\t\t\t\t<div class=\"elementor-widget-container\">\n\t\t\t\t\t\t\t<div class=\"elementor-cta\">\n\t\t\t\t\t<div class=\"elementor-cta__bg-wrapper\">\n\t\t\t\t<div class=\"elementor-cta__bg elementor-bg\" style=\"background-image: url(https:\/\/liziba.cg\/wp-content\/uploads\/2021\/04\/@VALLONI-SHOOTING-CHAMBRE-LIZIBA-H-34-1-1024x677.png);\" role=\"img\" aria-label=\"@VALLONI SHOOTING CHAMBRE LIZIBA-H (34)\"><\/div>\n\t\t\t\t<div class=\"elementor-cta__bg-overlay\"><\/div>\n\t\t\t<\/div>\n\t\t\t\t\t\t\t<div class=\"elementor-cta__content\">\n\t\t\t\t\n\t\t\t\t\n\t\t\t\t\t\t\t\t\t<div class=\"elementor-cta__description elementor-cta__content-item elementor-content-item elementor-animated-item--grow\">\n\t\t\t\t\t\tUnderstanding Liziba and its history\t\t\t\t\t<\/div>\n\t\t\t\t\n\t\t\t\t\t\t\t<\/div>\n\t\t\t\t\t\t<\/div>\n\t\t\t\t\t\t<\/div>\n\t\t\t\t<\/div>\n\t\t\t\t\t<\/div>\n\t\t<\/div>\n\t\t\t\t\t<\/div>\n\t\t<\/section>\n\t\t\t\t<section class=\"elementor-section elementor-top-section elementor-element elementor-element-3983169 elementor-section-boxed elementor-section-height-default elementor-section-height-default\" data-id=\"3983169\" data-element_type=\"section\" data-e-type=\"section\">\n\t\t\t\t\t\t<div class=\"elementor-container elementor-column-gap-default\">\n\t\t\t\t\t<div class=\"elementor-column elementor-col-100 elementor-top-column elementor-element elementor-element-2a53643\" data-id=\"2a53643\" data-element_type=\"column\" data-e-type=\"column\">\n\t\t\t<div class=\"elementor-widget-wrap elementor-element-populated\">\n\t\t\t\t\t\t<div class=\"elementor-element elementor-element-5929bb9 elementor-widget elementor-widget-heading\" data-id=\"5929bb9\" data-element_type=\"widget\" data-e-type=\"widget\" data-widget_type=\"heading.default\">\n\t\t\t\t<div class=\"elementor-widget-container\">\n\t\t\t\t\t<h2 class=\"elementor-heading-title elementor-size-default\">About us<\/h2>\t\t\t\t<\/div>\n\t\t\t\t<\/div>\n\t\t\t\t\t<\/div>\n\t\t<\/div>\n\t\t\t\t\t<\/div>\n\t\t<\/section>\n\t\t\t\t<section class=\"elementor-section elementor-top-section elementor-element elementor-element-9dbbd69 elementor-section-boxed elementor-section-height-default elementor-section-height-default\" data-id=\"9dbbd69\" data-element_type=\"section\" data-e-type=\"section\">\n\t\t\t\t\t\t<div class=\"elementor-container elementor-column-gap-default\">\n\t\t\t\t\t<div class=\"elementor-column elementor-col-100 elementor-top-column elementor-element elementor-element-40f6cb1\" data-id=\"40f6cb1\" data-element_type=\"column\" data-e-type=\"column\">\n\t\t\t<div class=\"elementor-widget-wrap elementor-element-populated\">\n\t\t\t\t\t\t<div class=\"elementor-element elementor-element-259d4dc elementor-widget elementor-widget-text-editor\" data-id=\"259d4dc\" data-element_type=\"widget\" data-e-type=\"widget\" data-widget_type=\"text-editor.default\">\n\t\t\t\t<div class=\"elementor-widget-container\">\n\t\t\t\t\t\t\t\t\t<p><strong>Liziba<\/strong> est une plateforme mise en place et administr\u00e9e par la <strong>Chambre de Commerce, d\u2019Industrie, d\u2019Agriculture et des M\u00e9tiers de Pointe-Noire (CCIAM)<\/strong>. Elle a pour vocation de centraliser, produire et diffuser des informations <strong>\u00e9conomiques, commerciales, administratives, r\u00e9glementaires, juridiques et fiscales<\/strong> \u00e0 destination des acteurs \u00e9conomiques.<\/p><p>Con\u00e7ue comme un outil de r\u00e9f\u00e9rence au service du d\u00e9veloppement du secteur priv\u00e9, Liziba regroupe notamment des <strong>documents officiels et valid\u00e9s<\/strong> (lois, guides, r\u00e9glementations, proc\u00e9dures, bonnes pratiques, etc.), un <strong>annuaire des entreprises et institutions de d\u00e9veloppement<\/strong>, ainsi que des <strong>donn\u00e9es d\u2019intelligence \u00e9conomique territoriale<\/strong>.<\/p><p>Cr\u00e9\u00e9e dans le cadre du <strong>Programme de Renforcement des Capacit\u00e9s Commerciales et Entrepreneuriales II (PRCCE II)<\/strong>, avec le cofinancement de l\u2019Union europ\u00e9enne, la plateforme r\u00e9pond \u00e0 la n\u00e9cessit\u00e9 de pallier le manque de synergie entre les diff\u00e9rentes administrations et agences productrices d\u2019information, afin de rendre celle-ci accessible et fiable.<\/p><p>Liziba s\u2019appuie \u00e9galement sur un <strong>centre d\u2019accueil physique<\/strong>, install\u00e9 au sein de la <strong>CCIAM de Pointe-Noire<\/strong>, qui offre des <strong>services d\u2019information, de conseil et d\u2019accompagnement<\/strong> aux entreprises et porteurs de projets.<\/p>\t\t\t\t\t\t\t\t<\/div>\n\t\t\t\t<\/div>\n\t\t\t\t\t<\/div>\n\t\t<\/div>\n\t\t\t\t\t<\/div>\n\t\t<\/section>\n\t\t\t\t<\/div>","protected":false},"excerpt":{"rendered":"<p>Comprendre Liziba et son historique Liziba est une plateforme mise en place et administr\u00e9e par la Chambre de Commerce, d\u2019Industrie, d\u2019Agriculture et des M\u00e9tiers de Pointe-Noire (CCIAM). Elle a pour [&hellip;]<\/p>\n","protected":false},"author":1659,"featured_media":0,"parent":0,"menu_order":0,"comment_status":"closed","ping_status":"closed","template":"templates\/page-without-sidebar.php","meta":{"_acf_changed":false,"footnotes":""},"class_list":["post-2365","page","type-page","status-publish","hentry"],"acf":[],"_links":{"self":[{"href":"https:\/\/liziba.cg\/en\/wp-json\/wp\/v2\/pages\/2365","targetHints":{"allow":["GET"]}}],"collection":[{"href":"https:\/\/liziba.cg\/en\/wp-json\/wp\/v2\/pages"}],"about":[{"href":"https:\/\/liziba.cg\/en\/wp-json\/wp\/v2\/types\/page"}],"author":[{"embeddable":true,"href":"https:\/\/liziba.cg\/en\/wp-json\/wp\/v2\/users\/1659"}],"replies":[{"embeddable":true,"href":"https:\/\/liziba.cg\/en\/wp-json\/wp\/v2\/comments?post=2365"}],"version-history":[{"count":3,"href":"https:\/\/liziba.cg\/en\/wp-json\/wp\/v2\/pages\/2365\/revisions"}],"predecessor-version":[{"id":63868,"href":"https:\/\/liziba.cg\/en\/wp-json\/wp\/v2\/pages\/2365\/revisions\/63868"}],"wp:attachment":[{"href":"https:\/\/liziba.cg\/en\/wp-json\/wp\/v2\/media?parent=2365"}],"curies":[{"name":"wp","href":"https:\/\/api.w.org\/{rel}","templated":true}]}}